{"id":3955,"date":"2026-03-19T19:57:47","date_gmt":"2026-03-19T19:57:47","guid":{"rendered":"https:\/\/mjako.se\/?page_id=3955"},"modified":"2026-04-02T17:02:47","modified_gmt":"2026-04-02T17:02:47","slug":"planer-2026","status":"publish","type":"page","link":"https:\/\/mjako.se\/?page_id=3955","title":{"rendered":"Planer 2026"},"content":{"rendered":"<div class=\"wp-block-image\">\n<figure class=\"aligncenter size-full has-custom-border\" style=\"margin-top:0;margin-bottom:0\"><img loading=\"lazy\" decoding=\"async\" width=\"689\" height=\"38\" src=\"https:\/\/mjako.se\/wp-content\/uploads\/2026\/03\/text-1773949965375-1.png\" alt=\"\" class=\"wp-image-4450\" style=\"border-width:2px;border-radius:0px\" srcset=\"https:\/\/mjako.se\/wp-content\/uploads\/2026\/03\/text-1773949965375-1.png 689w, https:\/\/mjako.se\/wp-content\/uploads\/2026\/03\/text-1773949965375-1-300x17.png 300w, https:\/\/mjako.se\/wp-content\/uploads\/2026\/03\/text-1773949965375-1-600x33.png 600w\" sizes=\"(max-width: 689px) 100vw, 689px\" \/><\/figure>\n<\/div>\n\n\n<p class=\"has-text-align-center has-border-color has-kubio-color-4-border-color has-large-font-size\" style=\"border-style:dotted;border-width:7px;border-radius:0px\"><strong><em>Vi v\u00e4ntar kattungar!<\/em><\/strong><\/p>\n\n\n\n\n\n<div class=\"wp-block-columns are-vertically-aligned-center is-layout-flex wp-container-core-columns-is-layout-28f84493 wp-block-columns-is-layout-flex\">\n<div class=\"wp-block-column is-vertically-aligned-center is-layout-flow wp-block-column-is-layout-flow\"><div class=\"wp-block-image is-style-default wp-duotone-unset-1\">\n<figure class=\"aligncenter size-medium has-custom-border\" style=\"margin-top:0;margin-bottom:0\"><img loading=\"lazy\" decoding=\"async\" width=\"300\" height=\"300\" src=\"https:\/\/mjako.se\/wp-content\/uploads\/2026\/03\/624766899_895186943244903_9189473718230824281_n-300x300.jpg\" alt=\"\" class=\"wp-image-4344\" style=\"border-top-left-radius:60px;border-top-right-radius:60px;border-bottom-left-radius:60px;border-bottom-right-radius:60px\" srcset=\"https:\/\/mjako.se\/wp-content\/uploads\/2026\/03\/624766899_895186943244903_9189473718230824281_n-300x300.jpg 300w, https:\/\/mjako.se\/wp-content\/uploads\/2026\/03\/624766899_895186943244903_9189473718230824281_n-1024x1024.jpg 1024w, https:\/\/mjako.se\/wp-content\/uploads\/2026\/03\/624766899_895186943244903_9189473718230824281_n-150x150.jpg 150w, https:\/\/mjako.se\/wp-content\/uploads\/2026\/03\/624766899_895186943244903_9189473718230824281_n-768x768.jpg 768w, https:\/\/mjako.se\/wp-content\/uploads\/2026\/03\/624766899_895186943244903_9189473718230824281_n-850x850.jpg 850w, https:\/\/mjako.se\/wp-content\/uploads\/2026\/03\/624766899_895186943244903_9189473718230824281_n-600x600.jpg 600w, https:\/\/mjako.se\/wp-content\/uploads\/2026\/03\/624766899_895186943244903_9189473718230824281_n-100x100.jpg 100w, https:\/\/mjako.se\/wp-content\/uploads\/2026\/03\/624766899_895186943244903_9189473718230824281_n.jpg 1440w\" sizes=\"(max-width: 300px) 100vw, 300px\" \/><\/figure>\n<\/div><\/div>\n\n\n\n<div class=\"wp-block-column is-vertically-aligned-center is-layout-flow wp-block-column-is-layout-flow\"><div class=\"wp-block-image wp-duotone-unset-2\">\n<figure class=\"aligncenter size-medium is-resized has-custom-border\"><img loading=\"lazy\" decoding=\"async\" width=\"300\" height=\"300\" src=\"https:\/\/mjako.se\/wp-content\/uploads\/2026\/03\/Nykoping26-114-scaled-e1774009555119-300x300.jpg\" alt=\"\" class=\"wp-image-4351\" style=\"border-style:none;border-width:0px;border-top-left-radius:60px;border-top-right-radius:60px;border-bottom-left-radius:60px;border-bottom-right-radius:60px;width:300px;height:auto\" srcset=\"https:\/\/mjako.se\/wp-content\/uploads\/2026\/03\/Nykoping26-114-scaled-e1774009555119-300x300.jpg 300w, https:\/\/mjako.se\/wp-content\/uploads\/2026\/03\/Nykoping26-114-scaled-e1774009555119-1024x1024.jpg 1024w, https:\/\/mjako.se\/wp-content\/uploads\/2026\/03\/Nykoping26-114-scaled-e1774009555119-150x150.jpg 150w, https:\/\/mjako.se\/wp-content\/uploads\/2026\/03\/Nykoping26-114-scaled-e1774009555119-768x768.jpg 768w, https:\/\/mjako.se\/wp-content\/uploads\/2026\/03\/Nykoping26-114-scaled-e1774009555119-1536x1536.jpg 1536w, https:\/\/mjako.se\/wp-content\/uploads\/2026\/03\/Nykoping26-114-scaled-e1774009555119-850x850.jpg 850w, https:\/\/mjako.se\/wp-content\/uploads\/2026\/03\/Nykoping26-114-scaled-e1774009555119-600x600.jpg 600w, https:\/\/mjako.se\/wp-content\/uploads\/2026\/03\/Nykoping26-114-scaled-e1774009555119-100x100.jpg 100w, https:\/\/mjako.se\/wp-content\/uploads\/2026\/03\/Nykoping26-114-scaled-e1774009555119.jpg 1707w\" sizes=\"(max-width: 300px) 100vw, 300px\" \/><\/figure>\n<\/div><\/div>\n<\/div>\n\n\n\n<div class=\"wp-block-columns is-layout-flex wp-container-core-columns-is-layout-9c22b1e3 wp-block-columns-is-layout-flex\">\n<div class=\"wp-block-column is-layout-flow wp-block-column-is-layout-flow\">\n<p class=\"has-text-align-center\" style=\"margin-right:var(--wp--preset--spacing--20);margin-left:var(--wp--preset--spacing--20)\"><strong>Far: <\/strong>SC, JCH, KCH NO*Gooseberry Star Treatment<br>aka Romeo<br><strong>F\u00f6dd:<\/strong> 2024-01-07<\/p>\n<\/div>\n\n\n\n<div class=\"wp-block-column is-layout-flow wp-block-column-is-layout-flow\">\n<p class=\"has-text-align-center\" style=\"margin-right:var(--wp--preset--spacing--20);margin-left:var(--wp--preset--spacing--20)\"><strong>Mor:<\/strong> JCH, KCH SE*Mjako Mega Evolution Mawile<br>aka Mawie<br><strong>F\u00f6dd:<\/strong> 2025-01-28<\/p>\n<\/div>\n<\/div>\n\n\n\n<p class=\"has-text-align-center\"><strong><em>Inavelskoefficient<\/em><\/strong><br><em>Ber\u00e4knat p\u00e5 4 generationer: 1,56%<br>Ber\u00e4knat p\u00e5 8 generartioner: <\/em>12,76<em>%<\/em><\/p>\n\n\n\n<hr class=\"wp-block-separator alignfull has-text-color has-kubio-color-4-color has-alpha-channel-opacity has-kubio-color-4-background-color has-background is-style-dots\" style=\"margin-top:var(--wp--preset--spacing--50);margin-bottom:var(--wp--preset--spacing--50)\"\/>\n\n\n\n<div class=\"wp-block-columns are-vertically-aligned-center is-layout-flex wp-container-core-columns-is-layout-28f84493 wp-block-columns-is-layout-flex\">\n<div class=\"wp-block-column is-vertically-aligned-center is-layout-flow wp-block-column-is-layout-flow\"><div class=\"wp-block-image is-style-default wp-duotone-unset-3\">\n<figure class=\"aligncenter size-medium has-custom-border\" style=\"margin-top:0;margin-bottom:0\"><img decoding=\"async\" src=\"https:\/\/mjakose.wordpress.com\/wp-content\/uploads\/2026\/03\/romeo_1-kopia-2.jpg?w=300\" alt=\"\" class=\"wp-image-3976\" style=\"border-top-left-radius:60px;border-top-right-radius:60px;border-bottom-left-radius:60px;border-bottom-right-radius:60px\"\/><\/figure>\n<\/div><\/div>\n\n\n\n<div class=\"wp-block-column is-vertically-aligned-center is-layout-flow wp-block-column-is-layout-flow\"><div class=\"wp-block-image wp-duotone-unset-4\">\n<figure class=\"aligncenter size-medium is-resized has-custom-border\"><img decoding=\"async\" src=\"https:\/\/mjakose.wordpress.com\/wp-content\/uploads\/2026\/03\/20241006-30-kopia-1.jpg?w=300\" alt=\"\" class=\"wp-image-3977\" style=\"border-style:none;border-width:0px;border-top-left-radius:60px;border-top-right-radius:60px;border-bottom-left-radius:60px;border-bottom-right-radius:60px;width:300px;height:auto\"\/><\/figure>\n<\/div><\/div>\n<\/div>\n\n\n\n<div class=\"wp-block-columns is-layout-flex wp-container-core-columns-is-layout-9c22b1e3 wp-block-columns-is-layout-flex\">\n<div class=\"wp-block-column is-layout-flow wp-block-column-is-layout-flow\">\n<p class=\"has-text-align-center\" style=\"margin-right:var(--wp--preset--spacing--20);margin-left:var(--wp--preset--spacing--20)\"><strong>Far: <\/strong>SC, JCH, KCH NO*Gooseberry Star Treatment<br>aka Romeo<br><strong>F\u00f6dd:<\/strong> 2024-01-07<\/p>\n<\/div>\n\n\n\n<div class=\"wp-block-column is-vertically-aligned-center is-layout-flow wp-container-core-column-is-layout-c43c6636 wp-block-column-is-layout-flow\" style=\"border-top-left-radius:0px;border-top-right-radius:0px;border-bottom-left-radius:0px;border-bottom-right-radius:0px;padding-right:0;padding-left:0\">\n<p class=\"has-text-align-center\"><strong>Mor: <\/strong>IC SE*Mjako Eeveelution Vaporeon<br>aka Vappis<br><strong>F\u00f6dd:<\/strong> 2023-12-11<\/p>\n<\/div>\n<\/div>\n\n\n\n<p class=\"has-text-align-center\"><strong><em>Inavelskoefficient<\/em><\/strong><br><em>Ber\u00e4knat p\u00e5 4 generationer: 0,00%<br>Ber\u00e4knat p\u00e5 8 generartioner: 8,13%<\/em><\/p>\n","protected":false},"excerpt":{"rendered":"<p>Vi v\u00e4ntar kattungar! Far: SC, JCH, KCH NO*Gooseberry Star Treatmentaka RomeoF\u00f6dd: 2024-01-07 Mor: JCH, KCH SE*Mjako Mega Evolution Mawileaka MawieF\u00f6dd: 2025-01-28 InavelskoefficientBer\u00e4knat p\u00e5 4 generationer: 1,56%Ber\u00e4knat p\u00e5 8 generartioner: 12,76% Far: SC, JCH, KCH NO*Gooseberry Star Treatmentaka RomeoF\u00f6dd: 2024-01-07 Mor: IC SE*Mjako Eeveelution Vaporeonaka VappisF\u00f6dd: 2023-12-11 InavelskoefficientBer\u00e4knat p\u00e5 4 generationer: 0,00%Ber\u00e4knat p\u00e5 8 generartioner: 8,13%<\/p>\n","protected":false},"author":3,"featured_media":0,"parent":0,"menu_order":0,"comment_status":"closed","ping_status":"closed","template":"","meta":{"saved_in_kubio":true,"footnotes":""},"class_list":["post-3955","page","type-page","status-publish","hentry"],"kubio_ai_page_context":{"short_desc":"","purpose":"general"},"_links":{"self":[{"href":"https:\/\/mjako.se\/index.php?rest_route=\/wp\/v2\/pages\/3955","targetHints":{"allow":["GET"]}}],"collection":[{"href":"https:\/\/mjako.se\/index.php?rest_route=\/wp\/v2\/pages"}],"about":[{"href":"https:\/\/mjako.se\/index.php?rest_route=\/wp\/v2\/types\/page"}],"author":[{"embeddable":true,"href":"https:\/\/mjako.se\/index.php?rest_route=\/wp\/v2\/users\/3"}],"replies":[{"embeddable":true,"href":"https:\/\/mjako.se\/index.php?rest_route=%2Fwp%2Fv2%2Fcomments&post=3955"}],"version-history":[{"count":9,"href":"https:\/\/mjako.se\/index.php?rest_route=\/wp\/v2\/pages\/3955\/revisions"}],"predecessor-version":[{"id":4730,"href":"https:\/\/mjako.se\/index.php?rest_route=\/wp\/v2\/pages\/3955\/revisions\/4730"}],"wp:attachment":[{"href":"https:\/\/mjako.se\/index.php?rest_route=%2Fwp%2Fv2%2Fmedia&parent=3955"}],"curies":[{"name":"wp","href":"https:\/\/api.w.org\/{rel}","templated":true}]}}