{"id":4007,"date":"2026-03-19T19:00:09","date_gmt":"2026-03-19T19:00:09","guid":{"rendered":"https:\/\/mjako.se\/?page_id=4007"},"modified":"2026-04-02T19:47:13","modified_gmt":"2026-04-02T19:47:13","slug":"kontakt-och-hitta-till-oss","status":"publish","type":"page","link":"https:\/\/mjako.se\/?page_id=4007","title":{"rendered":"Kontakt och hitta till oss"},"content":{"rendered":"\n\n\n<div class=\"wp-block-group alignfull is-content-justification-center\" style=\"margin-top:0;margin-bottom:0;padding-top:var(--wp--preset--spacing--30);padding-bottom:var(--wp--preset--spacing--30)\"><div class=\"wp-block-group__inner-container is-layout-constrained wp-block-group-is-layout-constrained\">\n<div class=\"wp-block-columns alignwide is-layout-flex wp-container-core-columns-is-layout-28f84493 wp-block-columns-is-layout-flex\">\n<div class=\"wp-block-column is-layout-flow wp-block-column-is-layout-flow\">\n<div class=\"wp-block-columns is-layout-flex wp-container-core-columns-is-layout-28f84493 wp-block-columns-is-layout-flex\">\n<div class=\"wp-block-column is-layout-flow wp-container-core-column-is-layout-e38d841f wp-block-column-is-layout-flow\" style=\"padding-right:var(--wp--preset--spacing--80);padding-left:var(--wp--preset--spacing--80);flex-basis:500px\">\n<h3 class=\"wp-block-heading\">Adress<\/h3>\n\n\n\n<p class=\"has-text-align-left is-contact-phone-email\"><em>Avstyckningsgr\u00e4nd 3C<br>175 50 J\u00e4rf\u00e4lla, Stockholm<\/em><\/p>\n\n\n\n<hr class=\"wp-block-separator has-alpha-channel-opacity is-style-dots\"\/>\n\n\n\n\n\n<p>(+46) 70 &#8211; 667 03 76<br><a href=\"mailto:mjako@egyptianmau.nu\">mjako@egyptianmau.nu<\/a><\/p>\n<\/div>\n\n\n\n<div class=\"wp-block-column is-layout-flow wp-block-column-is-layout-flow\">\n<h3 class=\"wp-block-heading\">Transports\u00e4tt<\/h3>\n\n\n\n<p style=\"font-size:20px\"><strong>Bil:<\/strong><\/p>\n\n\n\n\n\n<p style=\"font-size:20px\"><strong>Kollektivtrafik med SL:<\/strong><\/p>\n\n\n<\/div>\n<\/div>\n<\/div>\n<\/div>\n<\/div><\/div>\n\n\n\n\n\n\n","protected":false},"excerpt":{"rendered":"<p>Adress Avstyckningsgr\u00e4nd 3C175 50 J\u00e4rf\u00e4lla, Stockholm (+46) 70 &#8211; 667 03 76mjako@egyptianmau.nu Transports\u00e4tt Bil: Kollektivtrafik med SL:<\/p>\n","protected":false},"author":3,"featured_media":0,"parent":0,"menu_order":0,"comment_status":"closed","ping_status":"closed","template":"","meta":{"saved_in_kubio":true,"footnotes":""},"class_list":["post-4007","page","type-page","status-publish","hentry"],"kubio_ai_page_context":{"short_desc":"","purpose":"general"},"_links":{"self":[{"href":"https:\/\/mjako.se\/index.php?rest_route=\/wp\/v2\/pages\/4007","targetHints":{"allow":["GET"]}}],"collection":[{"href":"https:\/\/mjako.se\/index.php?rest_route=\/wp\/v2\/pages"}],"about":[{"href":"https:\/\/mjako.se\/index.php?rest_route=\/wp\/v2\/types\/page"}],"author":[{"embeddable":true,"href":"https:\/\/mjako.se\/index.php?rest_route=\/wp\/v2\/users\/3"}],"replies":[{"embeddable":true,"href":"https:\/\/mjako.se\/index.php?rest_route=%2Fwp%2Fv2%2Fcomments&post=4007"}],"version-history":[{"count":13,"href":"https:\/\/mjako.se\/index.php?rest_route=\/wp\/v2\/pages\/4007\/revisions"}],"predecessor-version":[{"id":4740,"href":"https:\/\/mjako.se\/index.php?rest_route=\/wp\/v2\/pages\/4007\/revisions\/4740"}],"wp:attachment":[{"href":"https:\/\/mjako.se\/index.php?rest_route=%2Fwp%2Fv2%2Fmedia&parent=4007"}],"curies":[{"name":"wp","href":"https:\/\/api.w.org\/{rel}","templated":true}]}}