{"id":4018,"date":"2026-03-19T19:58:04","date_gmt":"2026-03-19T19:58:04","guid":{"rendered":"https:\/\/mjako.se\/?page_id=4018"},"modified":"2026-03-23T20:23:12","modified_gmt":"2026-03-23T20:23:12","slug":"kopa-katt-fran-oss","status":"publish","type":"page","link":"https:\/\/mjako.se\/?page_id=4018","title":{"rendered":"K\u00f6pa katt fr\u00e5n oss"},"content":{"rendered":"\n<h2 class=\"wp-block-heading has-text-align-center\">Information till nya k\u00f6pare<\/h2>\n\n\n<div class=\"wp-block-image is-style-default\">\n<figure class=\"aligncenter size-large is-resized\"><img loading=\"lazy\" decoding=\"async\" width=\"1024\" height=\"819\" src=\"https:\/\/mjako.se\/wp-content\/uploads\/2026\/03\/505831436_10234385647317945_4472986944727234357_n-1024x819.jpg\" alt=\"\" class=\"wp-image-4584\" style=\"aspect-ratio:1;object-fit:contain;width:852px;height:auto\" srcset=\"https:\/\/mjako.se\/wp-content\/uploads\/2026\/03\/505831436_10234385647317945_4472986944727234357_n-1024x819.jpg 1024w, https:\/\/mjako.se\/wp-content\/uploads\/2026\/03\/505831436_10234385647317945_4472986944727234357_n-300x240.jpg 300w, https:\/\/mjako.se\/wp-content\/uploads\/2026\/03\/505831436_10234385647317945_4472986944727234357_n-768x614.jpg 768w, https:\/\/mjako.se\/wp-content\/uploads\/2026\/03\/505831436_10234385647317945_4472986944727234357_n-1350x1080.jpg 1350w, https:\/\/mjako.se\/wp-content\/uploads\/2026\/03\/505831436_10234385647317945_4472986944727234357_n-600x480.jpg 600w, https:\/\/mjako.se\/wp-content\/uploads\/2026\/03\/505831436_10234385647317945_4472986944727234357_n.jpg 1440w\" sizes=\"(max-width: 1024px) 100vw, 1024px\" \/><\/figure>\n<\/div>\n\n\n<p>Alla katter \u00e4r registrerade i SVERAK och s\u00e4ljs d\u00e4rf\u00f6r enligt SVERAK&#8217;s regler. <br><em>OBS! En kattunge \u00e4r tillg\u00e4nglig fr\u00e5n 14 veckors \u00e5lder.<\/em> <br>F\u00f6rsta kontakten sker via mail, telefon eller meddelandefunktion via v\u00e5ra sociala medier. <\/p>\n\n\n\n<p>Vi vill g\u00e4rna att du h\u00e4lsa p\u00e5 oss innan k\u00f6p av katt. Detta f\u00f6r att du ska k\u00e4nna att den katten du v\u00e4ljer \u00e4r r\u00e4tt f\u00f6r dig samt att du har chans att st\u00e4lla f\u00f6ljdfr\u00e5gor som kan dyka upp n\u00e4r du tr\u00e4ffar katterna. Sj\u00e4lvklart har vi f\u00f6rst\u00e5else f\u00f6r l\u00e5ngv\u00e4ga resen\u00e4rer att detta inte alltid \u00e4r m\u00f6jligt.<\/p>\n\n\n\n<p>Om du vill k\u00f6pa en kattunge kommer en tingningsavgift tas ut och \u00e5terbetalas inte vid \u00e5ngrat k\u00f6p. Fullst\u00e4ndig betalning ska ha skett innan en katt l\u00e4mnar oss.  <\/p>\n\n\n\n<hr class=\"wp-block-separator has-text-color has-black-color has-alpha-channel-opacity has-black-background-color has-background is-style-wide\"\/>\n\n\n\n<div class=\"wp-block-columns is-not-stacked-on-mobile is-layout-flex wp-container-core-columns-is-layout-28f84493 wp-block-columns-is-layout-flex\">\n<div class=\"wp-block-column is-layout-flow wp-block-column-is-layout-flow\" style=\"padding-top:0;padding-right:0;padding-bottom:0;padding-left:0\">\n<h3 class=\"wp-block-heading\">Kattunge<\/h3>\n<\/div>\n\n\n\n<div class=\"wp-block-column is-layout-flow wp-block-column-is-layout-flow\" style=\"padding-top:0;padding-right:0;padding-bottom:0;padding-left:0\">\n<h3 class=\"wp-block-heading\">Vuxenkatt<\/h3>\n<\/div>\n<\/div>\n\n\n\n<div class=\"wp-block-columns is-not-stacked-on-mobile is-layout-flex wp-container-core-columns-is-layout-28f84493 wp-block-columns-is-layout-flex\">\n<div class=\"wp-block-column is-layout-flow wp-block-column-is-layout-flow\">\n<p style=\"font-size:20px\"><strong>Vid leverans \u00e4r kattungen:<\/strong><\/p>\n\n\n\n<ul class=\"wp-block-list\">\n<li>Vaccinerad x2<\/li>\n\n\n\n<li>ID-m\u00e4rkt<\/li>\n\n\n\n<li>Registrerad i Jordbruksverket<\/li>\n\n\n\n<li>Avmaskad vid behov<\/li>\n\n\n\n<li>Veterin\u00e4rbesiktad (intyg ej \u00e4ldre \u00e4n 7 dagar vid leverans)<\/li>\n\n\n\n<li>Dolda fel f\u00f6rs\u00e4kring<\/li>\n<\/ul>\n<\/div>\n\n\n\n<div class=\"wp-block-column is-layout-flow wp-block-column-is-layout-flow\">\n<p style=\"font-size:20px\"><strong>Vid leverans \u00e4r katten:<\/strong><\/p>\n\n\n\n<ul class=\"wp-block-list\">\n<li>Vaccinerad \u00e5rligen <\/li>\n\n\n\n<li>ID-m\u00e4rkt <\/li>\n\n\n\n<li>Registrerad i Jordbruksverket<\/li>\n\n\n\n<li>Veterin\u00e4rbesiktigad (intyg ej \u00e4ldre \u00e4n 7 dagar vid leverans)<\/li>\n<\/ul>\n<\/div>\n<\/div>\n\n\n\n<div class=\"wp-block-columns is-not-stacked-on-mobile is-layout-flex wp-container-core-columns-is-layout-28f84493 wp-block-columns-is-layout-flex\">\n<div class=\"wp-block-column is-layout-flow wp-block-column-is-layout-flow\">\n<p style=\"font-size:20px\"><strong>Till kattungen medf\u00f6ljer:<\/strong><\/p>\n\n\n\n<ul class=\"wp-block-list\">\n<li>Stamtavla<\/li>\n\n\n\n<li>Vaccinationskort och ev. EU-pass<\/li>\n\n\n\n<li>F\u00f6rs\u00e4kring via Agria<\/li>\n\n\n\n<li>Kattungepaket<\/li>\n\n\n\n<li>Livsl\u00e5ng support <\/li>\n<\/ul>\n<\/div>\n\n\n\n<div class=\"wp-block-column is-layout-flow wp-block-column-is-layout-flow\">\n<p style=\"font-size:20px\"><strong>Till katten medf\u00f6ljer:<\/strong><\/p>\n\n\n\n<ul class=\"wp-block-list\">\n<li>Stamtavla<\/li>\n\n\n\n<li>Vaccinationskort och ev. EU-pass<\/li>\n\n\n\n<li>F\u00f6rs\u00e4kring via Agria (inkl. dolda fel)<\/li>\n\n\n\n<li>Eventuella utst\u00e4llningscertifikat och priser<\/li>\n\n\n\n<li>Livsl\u00e5ng support<\/li>\n<\/ul>\n<\/div>\n<\/div>\n\n\n\n<p>Vet du redan nu att katten ska resa \u00f6ver landsgr\u00e4nsen hj\u00e4lper vi sj\u00e4lvklart till att fixa EU-pass och extra vaccinationer. Meddela detta s\u00e5 snart som m\u00f6jligt.<\/p>\n\n\n\n<p>Som ny \u00e4gare av v\u00e5ra katter rekommenderas att forts\u00e4tta vaccinera katten \u00e5rligen samt att fortsatt ha en f\u00f6rs\u00e4kring om du inte vill ta \u00f6ver den som f\u00f6ljer med via Agria.<\/p>\n\n\n\n<hr class=\"wp-block-separator has-text-color has-black-color has-alpha-channel-opacity has-black-background-color has-background is-style-wide\" style=\"margin-top:var(--wp--preset--spacing--30);margin-bottom:var(--wp--preset--spacing--30)\"\/>\n\n\n\n<h2 class=\"wp-block-heading has-text-align-center\"><em>Bra att veta fr\u00e5n oss<\/em><\/h2>\n\n\n\n<h3 class=\"wp-block-heading\">F\u00f6rs\u00e4kring<\/h3>\n\n\n\n<p>Alla v\u00e5ra katter \u00e4r f\u00f6rs\u00e4krade i Agria. Vid k\u00f6p av katt fr\u00e5n oss f\u00e5r du v\u00e4lja om den f\u00f6rs\u00e4kringen katten har hos oss ska flyttas \u00f6ver p\u00e5 dig eller inte n\u00e4r den flyttar. <\/p>\n\n\n\n<p>Vi rekommenderar alltid att \u00f6verta befintlig f\u00f6rs\u00e4kring f\u00f6r att f\u00f6rhindra glapp i f\u00f6rs\u00e4kringarna.<\/p>\n\n\n\n<h3 class=\"wp-block-heading\">ID-m\u00e4rkning och kastrering<\/h3>\n\n\n\n<p>Alla v\u00e5ra katter \u00e4r ID-m\u00e4rkta med chipp i nacken innan 14 veckors \u00e5lder och registrerade i Jordbruksverkets kattregister. Alla katter s\u00e4ljs som s\u00e4llskap och kastreras innan leverans om inget annat avtalats.<\/p>\n\n\n\n<h3 class=\"wp-block-heading\">Livsl\u00e5ng support<\/h3>\n\n\n\n<p>Vi ser g\u00e4rna en fortsatt kontakt med dig som k\u00f6pare \u00e4ven efter att du k\u00f6pt hem din p\u00e4lskling. Sj\u00e4lvklart \u00e4r det roligt att f\u00e5 h\u00f6ra hur katten m\u00e5r och f\u00e5 uppdaterade bilder, men ocks\u00e5 f\u00f6r att kunna meddela dig om det exempelvis dyker upp h\u00e4lsoproblem inom rasen som du b\u00f6r veta om.<\/p>\n\n\n\n<h3 class=\"wp-block-heading\">Stamtavla<\/h3>\n\n\n\n<p>Alla v\u00e5ra katter \u00e4r registrerade i SVERAK som \u00e4r medlemar i FIFe. En stamtavla f\u00f6r en raskatt \u00e4r ett stamtr\u00e4d som visar kattens bakgrund, h\u00e4r syns kattens registrerade namn, f\u00e4rg, f\u00f6r\u00e4ldrar, registreringsnummer etc. <\/p>\n\n\n\n<p>Stamtavlan ska ses som en v\u00e4rdehandling &#8211; den ska alltid f\u00f6lja med katten. Man kan se stamtavlan som ett &#8221;\u00e4kthetsbevis&#8221; p\u00e5 att det \u00e4r en raskatt. <\/p>\n\n\n\n<p><em>OBS! Finns det ingen stamtavla utf\u00e4rdad f\u00f6r katten, d\u00e5 \u00e4r det en huskatt!<\/em><\/p>\n\n\n\n<h3 class=\"wp-block-heading\">Tingningsavgift och betalning<\/h3>\n\n\n\n<p>En tingningsavgift kommer tas ut f\u00f6r att kunna boka en kattunge, den avgiften r\u00e4knas sedan av fr\u00e5n totala summan p\u00e5 kattungen. <br>Tingningsavgiften \u00e5terbetalas inte om du \u00e5ngrar dig. <br>Fullst\u00e4ndig betalning ska ha skett innan kattungen l\u00e4mnar oss, senast samma dag den h\u00e4mtas.<\/p>\n\n\n\n<p>Betalning sker via Swish eller PayPal.<\/p>\n\n\n\n<h3 class=\"wp-block-heading\">Vaccinationer och EU-pass<\/h3>\n\n\n\n<p>Alla v\u00e5ra katter vaccineras \u00e5rligen mot kattsnuva och kattpest (Purevax RCP) och ser g\u00e4rna att nya \u00e4garen forts\u00e4tter vaccinera katten \u00e5rligen. <\/p>\n\n\n\n<p>Vid utlandsflytt eller om du redan fr\u00e5n b\u00f6rjan vet att katten ska resa \u00f6ver landsgr\u00e4nsen kan jag hj\u00e4lpa till att skaffa EU-pass samt de vaccinationer som beh\u00f6vs. Bra att komma ih\u00e5g \u00e4r att katten beh\u00f6ver ha f\u00e5tt rabiesvaccin minst 21 dagar f\u00f6re avresedagen.<\/p>\n\n\n\n<h3 class=\"wp-block-heading\">Veterin\u00e4rbesiktning<\/h3>\n\n\n\n<p>Vi veterin\u00e4rbesiktar alla v\u00e5ra katter oavsett \u00e5lder innan de flyttar till sina nya hem, detta f\u00f6r att du som k\u00f6pare ska vara s\u00e4ker p\u00e5 att du f\u00e5r en frisk och h\u00e4lsosam katt. Intyget \u00e4r aldrig mer \u00e4n 7 dagar gamalt fr\u00e5n att du h\u00e4mtar din p\u00e4lskling.<\/p>\n","protected":false},"excerpt":{"rendered":"<p>Information till nya k\u00f6pare Alla katter \u00e4r registrerade i SVERAK och s\u00e4ljs d\u00e4rf\u00f6r enligt SVERAK&#8217;s regler. OBS! En kattunge \u00e4r tillg\u00e4nglig fr\u00e5n 14 veckors \u00e5lder. F\u00f6rsta kontakten sker via mail, telefon eller meddelandefunktion via v\u00e5ra sociala medier. Vi vill g\u00e4rna att du h\u00e4lsa p\u00e5 oss innan k\u00f6p av katt. Detta f\u00f6r att du ska k\u00e4nna [&hellip;]<\/p>\n","protected":false},"author":3,"featured_media":0,"parent":0,"menu_order":0,"comment_status":"closed","ping_status":"closed","template":"","meta":{"saved_in_kubio":true,"footnotes":""},"class_list":["post-4018","page","type-page","status-publish","hentry"],"kubio_ai_page_context":{"short_desc":"","purpose":"general"},"_links":{"self":[{"href":"https:\/\/mjako.se\/index.php?rest_route=\/wp\/v2\/pages\/4018","targetHints":{"allow":["GET"]}}],"collection":[{"href":"https:\/\/mjako.se\/index.php?rest_route=\/wp\/v2\/pages"}],"about":[{"href":"https:\/\/mjako.se\/index.php?rest_route=\/wp\/v2\/types\/page"}],"author":[{"embeddable":true,"href":"https:\/\/mjako.se\/index.php?rest_route=\/wp\/v2\/users\/3"}],"replies":[{"embeddable":true,"href":"https:\/\/mjako.se\/index.php?rest_route=%2Fwp%2Fv2%2Fcomments&post=4018"}],"version-history":[{"count":12,"href":"https:\/\/mjako.se\/index.php?rest_route=\/wp\/v2\/pages\/4018\/revisions"}],"predecessor-version":[{"id":4600,"href":"https:\/\/mjako.se\/index.php?rest_route=\/wp\/v2\/pages\/4018\/revisions\/4600"}],"wp:attachment":[{"href":"https:\/\/mjako.se\/index.php?rest_route=%2Fwp%2Fv2%2Fmedia&parent=4018"}],"curies":[{"name":"wp","href":"https:\/\/api.w.org\/{rel}","templated":true}]}}