{"id":4326,"date":"2026-03-20T10:10:22","date_gmt":"2026-03-20T10:10:22","guid":{"rendered":"https:\/\/mjako.se\/?page_id=4326"},"modified":"2026-03-24T10:09:42","modified_gmt":"2026-03-24T10:09:42","slug":"information-om-kattrasen-egyptisk-mau","status":"publish","type":"page","link":"https:\/\/mjako.se\/?page_id=4326","title":{"rendered":"Information om kattrasen Egyptisk mau"},"content":{"rendered":"\n\n\n\n\n\n\n<p>De \u00e4r otroligt roliga och l\u00e4ttl\u00e4rda, varp\u00e5 de kan \u00f6ppna d\u00f6rrar, sk\u00e5p, burkar och andra st\u00e4llen de inte ska in i. D\u00e4rf\u00f6r rekommenderar jag att s\u00e5 tidigt som m\u00f6jligt b\u00f6rja klicker-tr\u00e4na katten, det blir b\u00e5de en rolig stund f\u00f6r dig och katten men kan vara till hj\u00e4lp n\u00e4r katten \u00e4r \u00e4ldre.<\/p>\n\n\n\n<p>Eftersom de har vildkattsgener i sig rekommenderar jag att <strong>inte<\/strong> sl\u00e4ppa ut dessa katter l\u00f6st hur som helst, de kan g\u00e4rna g\u00e5 i koppel eller vara i en inh\u00e4ngnad uteg\u00e5rd p\u00e5 sommarhalv\u00e5ret. <\/p>\n\n\n\n<p>Som utfodring rekommenderar jag alltid ett h\u00f6gt proteinrikt foder utan spannm\u00e5l.  <\/p>\n\n\n\n<h3 class=\"wp-block-heading has-foreground-color has-text-color\">Storlek och utseende<\/h3>\n\n\n\n<p class=\"has-foreground-color has-text-color\">Egyptisk mau \u00e4r en medelstor katt med medell\u00e5ng, graci\u00f6s och elegant kropp med bakben som \u00e4r proportionerligt l\u00e4ngre. Svansen \u00e4r tjock vid basen och avsmalnande vid toppen. Huvudet ska vara runt och kilformat med mjuka linjer och lite snedst\u00e4llda \u00f6gon. <\/p>\n\n\n\n<p class=\"has-foreground-color has-text-color\"><strong>Vikt:<\/strong> Medelstor katt p\u00e5 3-6 kg. Vikten varierar beroende p\u00e5 k\u00f6n och \u00e5lder.<\/p>\n\n\n\n<p class=\"has-foreground-color has-text-color\"><strong>\u00d6gonform:<\/strong> Stora mandelformade \u00f6gon.<\/p>\n\n\n\n<p class=\"has-foreground-color has-text-color\"><strong>\u00d6gonf\u00e4rg:<\/strong> Krusb\u00e4rsgr\u00f6n\/goosberry green.<\/p>\n\n\n\n<p class=\"has-foreground-color has-text-color\"><strong>H\u00e4lsa:<\/strong> Det finns inget s\u00e4rskilt h\u00e4lsoprogram f\u00f6r Egyptisk mau inom SVERAK.<\/p>\n\n\n\n<hr class=\"wp-block-separator has-text-color has-kubio-color-6-color has-alpha-channel-opacity has-kubio-color-6-background-color has-background is-style-wide\"\/>\n\n\n\n<h3 class=\"wp-block-heading has-foreground-color has-text-color\">P\u00e4ls, p\u00e4lsv\u00e5rd och f\u00e4rger<\/h3>\n\n\n\n<p class=\"has-foreground-color has-text-color\"><strong>L\u00e4ngd: <\/strong>Korth\u00e5r.<\/p>\n\n\n\n<p class=\"has-foreground-color has-text-color\"><strong>K\u00e4nnetecken:<\/strong> Beroende p\u00e5 f\u00e4rg s\u00e5 ska p\u00e4lsen vara len\/silkeslen och sl\u00e4t.<\/p>\n\n\n\n<p class=\"has-foreground-color has-text-color\"><strong>F\u00e4rger:<\/strong> Silver, brons och smoke (silverf\u00e4rgad i botten och ha m\u00f6rka toppar).<\/p>\n\n\n\n<p class=\"has-foreground-color has-text-color\"><strong>M\u00f6nster: <\/strong>Slumpvis f\u00f6rdelning av prickar i varierande form och storlek p\u00e5 kroppen. G\u00e4rna tydliga kontraster p\u00e5 silver och brons medan smoke ska ha s\u00e5 kallat &#8221;sp\u00f6kkontraster&#8221;. Huvudet ska ha en M-markering i pannan och maskaralinjer runt \u00f6gon och p\u00e5 kinderna.<\/p>\n\n\n\n<p class=\"has-foreground-color has-text-color\"><strong>P\u00e4lsv\u00e5rd:<\/strong> M\u00e5ttlig f\u00e4llning till liten. Regelbunden borstning \u00e4r bra f\u00f6r att ta bort \u00f6verfl\u00f6dig p\u00e4ls och samtidigt skapa ett starkare band till din Mau.<\/p>\n\n\n\n<hr class=\"wp-block-separator has-text-color has-kubio-color-6-color has-alpha-channel-opacity has-kubio-color-6-background-color has-background is-style-wide\"\/>\n\n\n\n<h3 class=\"wp-block-heading has-foreground-color has-text-color\">Personlighet<\/h3>\n\n\n\n<p class=\"has-foreground-color has-text-color\"><strong>Sociala behov:<\/strong> M\u00e5ttligt &#8211; h\u00f6gt.<\/p>\n\n\n\n<p class=\"has-foreground-color has-text-color\"><strong>Aktivitetsniv\u00e5:<\/strong> H\u00f6g.<\/p>\n\n\n\n<p class=\"has-foreground-color has-text-color\">Egyptisk mau \u00e4r en tillgiven och k\u00e4rleksfull ras som f\u00e4ster sig extra mycket vid en eller tv\u00e5 familjemedlemmar. Rasen \u00e4r mycket nyfiken och lekfull som gillar att jaga sina leksaker. De flesta gillar h\u00f6ga h\u00f6jder och vill g\u00e4rna vara med d\u00e4r det h\u00e4nder saker, d\u00e4rf\u00f6r vill vissa g\u00e4rna sitta p\u00e5 ens axel.<\/p>\n\n\n\n<p class=\"has-foreground-color has-text-color\">Detta \u00e4r en intelligent kattras med ett j\u00e4mnt temperament och kan med f\u00f6rdel tr\u00e4nas f\u00f6r att l\u00e4ra sig olika trick (vilket de ocks\u00e5 kan g\u00f6ra p\u00e5 egen hand), allt fr\u00e5n att sitta, h\u00e4lsa, \u00f6ppna d\u00f6rrar och mycket mer. <br>De \u00e4lskar mat och godis, d\u00e4rf\u00f6r \u00e4r det viktigt att anpassa foderintaget utifr\u00e5n aktivitetsniv\u00e5 samt att de f\u00e5r ett proteinrikt foder.<\/p>\n\n\n\n<p class=\"has-foreground-color has-text-color\">Egyptisk mau s\u00e4gs vara den snabbaste tamkatten d\u00e4r man uppm\u00e4t en hastighet p\u00e5 \u00f6ver 30 km\/h.<\/p>\n\n\n\n<hr class=\"wp-block-separator has-text-color has-kubio-color-6-color has-alpha-channel-opacity has-kubio-color-6-background-color has-background is-style-wide\"\/>\n\n\n\n<h3 class=\"wp-block-heading has-foreground-color has-text-color\">Kort historia<\/h3>\n\n\n\n<p class=\"has-foreground-color has-text-color\">Egyptisk mau \u00e4r sedan \u00e5r 1992 godk\u00e4nd ras i Sverige. Rasen har sitt ursprung fr\u00e5n de egyptiska katterna fr\u00e5n omr\u00e5det kring Kairo och ska ha f\u00f6rekommit i de egyptiska templen. Rasnamnet kan enkelt \u00f6vers\u00e4ttas till &#8221;egyptisk katt&#8221; eftersom ordet mau anv\u00e4nds i Egypten f\u00f6r ordet katt.  <\/p>\n\n\n\n<p class=\"has-foreground-color has-text-color\"><strong>Lite kuriosa:<\/strong> Egyptisk mau \u00e4r den enda naturligt spottade tamkatten.<\/p>\n\n\n\n<p><\/p>\n","protected":false},"excerpt":{"rendered":"<p>De \u00e4r otroligt roliga och l\u00e4ttl\u00e4rda, varp\u00e5 de kan \u00f6ppna d\u00f6rrar, sk\u00e5p, burkar och andra st\u00e4llen de inte ska in i. D\u00e4rf\u00f6r rekommenderar jag att s\u00e5 tidigt som m\u00f6jligt b\u00f6rja klicker-tr\u00e4na katten, det blir b\u00e5de en rolig stund f\u00f6r dig och katten men kan vara till hj\u00e4lp n\u00e4r katten \u00e4r \u00e4ldre. Eftersom de har vildkattsgener [&hellip;]<\/p>\n","protected":false},"author":2,"featured_media":0,"parent":0,"menu_order":0,"comment_status":"closed","ping_status":"closed","template":"","meta":{"saved_in_kubio":true,"footnotes":""},"class_list":["post-4326","page","type-page","status-publish","hentry"],"kubio_ai_page_context":{"short_desc":"","purpose":"general"},"_links":{"self":[{"href":"https:\/\/mjako.se\/index.php?rest_route=\/wp\/v2\/pages\/4326","targetHints":{"allow":["GET"]}}],"collection":[{"href":"https:\/\/mjako.se\/index.php?rest_route=\/wp\/v2\/pages"}],"about":[{"href":"https:\/\/mjako.se\/index.php?rest_route=\/wp\/v2\/types\/page"}],"author":[{"embeddable":true,"href":"https:\/\/mjako.se\/index.php?rest_route=\/wp\/v2\/users\/2"}],"replies":[{"embeddable":true,"href":"https:\/\/mjako.se\/index.php?rest_route=%2Fwp%2Fv2%2Fcomments&post=4326"}],"version-history":[{"count":3,"href":"https:\/\/mjako.se\/index.php?rest_route=\/wp\/v2\/pages\/4326\/revisions"}],"predecessor-version":[{"id":4629,"href":"https:\/\/mjako.se\/index.php?rest_route=\/wp\/v2\/pages\/4326\/revisions\/4629"}],"wp:attachment":[{"href":"https:\/\/mjako.se\/index.php?rest_route=%2Fwp%2Fv2%2Fmedia&parent=4326"}],"curies":[{"name":"wp","href":"https:\/\/api.w.org\/{rel}","templated":true}]}}