{"id":4328,"date":"2026-03-20T10:26:59","date_gmt":"2026-03-20T10:26:59","guid":{"rendered":"https:\/\/mjako.se\/?page_id=4328"},"modified":"2026-03-24T17:24:37","modified_gmt":"2026-03-24T17:24:37","slug":"fodervard","status":"publish","type":"page","link":"https:\/\/mjako.se\/?page_id=4328","title":{"rendered":"Foderv\u00e4rd"},"content":{"rendered":"\n\n\n\n\n<p class=\"has-text-align-left\">\u00c4r du intresserad av kattrasen och vill en dag \u00e4ga din egen Egyptiska mau? <br>Har du funderat p\u00e5 hur det \u00e4r att f\u00f6da upp kattungar eller \u00e4r intresserad av allt som r\u00f6r en kattuppf\u00f6dning d\u00e4r du vill l\u00e4ra dig mer? D\u00e5 kan foderv\u00e4rdsskap vara n\u00e5gonting f\u00f6r dig!<\/p>\n\n\n\n<p class=\"has-text-align-left\">Vi letar st\u00e4ndigt efter nya personer som vill vara foderv\u00e4rdar d\u00e5 en foderv\u00e4rd utg\u00f6r en stor del av att v\u00e5r kattuppf\u00f6dning ska fungera. Det finns m\u00e5nga olika f\u00f6rdelar att vara foderv\u00e4rd som alla inte heller vet om.<\/p>\n\n\n\n<p>Vi erbjuder tv\u00e5 olika foderv\u00e4rdsskap, <strong>helfoder <\/strong>och <strong>halvfoder<\/strong>. B\u00e5da foderv\u00e4rdsskapen har olika krav beroende om det g\u00e4ller en hona eller hane. <\/p>\n\n\n\n<p>N\u00e5got alla inte t\u00e4nker p\u00e5 \u00e4r att Foderv\u00e4rd betyder att Du inte kommer \u00e4ga katten. Du kommer sj\u00e4lvklart ta hand och ha ansvar f\u00f6r katten i ditt hem med allt vad det inneb\u00e4r (mat, vatten, leksaker, f\u00f6rs\u00e4kring etc.), detta tills foderv\u00e4rdsavtalet uppfyllts varp\u00e5 katten skrivs \u00f6ver p\u00e5 dig som ny \u00e4gare. <\/p>\n\n\n\n<hr class=\"wp-block-separator has-text-color has-kubio-color-6-color has-alpha-channel-opacity has-kubio-color-6-background-color has-background is-style-wide\" style=\"margin-top:var(--wp--preset--spacing--60);margin-bottom:var(--wp--preset--spacing--60)\"\/>\n\n\n\n\n\n<div class=\"wp-block-columns is-layout-flex wp-container-core-columns-is-layout-28f84493 wp-block-columns-is-layout-flex\">\n<div class=\"wp-block-column is-layout-flow wp-block-column-is-layout-flow\">\n<h3 class=\"wp-block-heading\">Helfoderv\u00e4rd<\/h3>\n\n\n\n<p>Du betalar av hela kattens belopp genom att l\u00e5ta mig som uppf\u00f6dare anv\u00e4nda katten f\u00f6r ett antal parningar och ev. utst\u00e4llning under en viss tid. Allt regleras i SVERAKs avtal varp\u00e5 bilaga med f\u00f6rtydliganden f\u00f6r varje katt tillkommer. N\u00e4r katten \u00e4r klar enligt kontraktet skrivs \u00e4gandeskapet \u00f6ver till dig som foderv\u00e4rd. Du betalar inget mer f\u00f6r katten \u00e4n vardagskostnader.<\/p>\n\n\n\n<ul class=\"wp-block-list\">\n<li>Jag kommer vara \u00e4gare av katten under hela avtalsperioden<\/li>\n\n\n\n<li>Du betalar endast vardagskostnader f\u00f6r katten (som mat, vatten, l\u00e5da, leksaker etc)<\/li>\n\n\n\n<li>Ingen betalning f\u00f6r katten n\u00e4r den h\u00e4mtas<\/li>\n<\/ul>\n<\/div>\n\n\n\n<div class=\"wp-block-column is-layout-flow wp-block-column-is-layout-flow\">\n<h3 class=\"wp-block-heading\">Halvfoderv\u00e4rd<\/h3>\n\n\n\n<p>Du betalar halva kattens belopp och andra halvan genom att l\u00e5ta mig som uppf\u00f6dare anv\u00e4nda katten f\u00f6r ett antal parningar och ev. utst\u00e4llning under en kortare tid \u00e4n som helfoderv\u00e4rd. Allt regleras i SVERAKs avtal varp\u00e5 bilaga med f\u00f6rtydliganden f\u00f6r varje katt tillkommer. N\u00e4r katten \u00e4r klar enligt kontraktet skrivs \u00e4gandeskapet \u00f6ver till dig som foderv\u00e4rd. <\/p>\n\n\n\n<ul class=\"wp-block-list\">\n<li>Jag kommer \u00e4ga katten under hela avtalsperioden<\/li>\n\n\n\n<li>Du betalar endast en del av kattens totala v\u00e4rde, ut\u00f6ver mat, vatten, l\u00e5da och leksaker etc.<\/li>\n<\/ul>\n<\/div>\n<\/div>\n\n\n\n<div class=\"wp-block-columns is-layout-flex wp-container-core-columns-is-layout-28f84493 wp-block-columns-is-layout-flex\">\n<div class=\"wp-block-column is-layout-flow wp-block-column-is-layout-flow\">\n<h3 class=\"wp-block-heading\">Hona p\u00e5 foder<\/h3>\n\n\n\n<p>Att ha en honkatt p\u00e5 foder fr\u00e5n oss betyder att foderv\u00e4rden kommer ha honans kullar hemma hos sig som foderv\u00e4rd. Du beh\u00f6ver d\u00e4rf\u00f6r vara medveten om att det kr\u00e4vs en del arbete av dig som foderv\u00e4rd kring uppfostran och hanteringen av kattungarna tills dem flyttar hemifr\u00e5n.<\/p>\n<\/div>\n\n\n\n<div class=\"wp-block-column is-layout-flow wp-block-column-is-layout-flow\">\n<h3 class=\"wp-block-heading\">Hane p\u00e5 foder<\/h3>\n\n\n\n<p>Efter \u00f6verenskommelse kommer parningen ske hemma hos mig (om inget annat avtalas). Alla katter \u00e4r olika och vi som uppf\u00f6dare kan d\u00e4rf\u00f6r inte garantera att en hankatt <em>aldrig <\/em>kommer att strila hemma hos sin foderv\u00e4rd och du ska d\u00e4rf\u00f6r vara medveten om att risken finns. Om det skulle vara s\u00e5 att en hane b\u00f6rjar strila hemma hos foderv\u00e4rden ska vi komma \u00f6verens om en bra l\u00f6sning ihop.<\/p>\n<\/div>\n<\/div>\n\n\n\n\n\n<hr class=\"wp-block-separator has-text-color has-kubio-color-6-color has-alpha-channel-opacity has-kubio-color-6-background-color has-background is-style-wide\" style=\"margin-top:var(--wp--preset--spacing--60);margin-bottom:var(--wp--preset--spacing--60)\"\/>\n\n\n\n<h2 class=\"wp-block-heading\" style=\"font-size:36px\">Krav p\u00e5 dig foderv\u00e4rd<\/h2>\n\n\n\n<p>Som uppf\u00f6dare har jag en del krav p\u00e5 dig som vill bli foderv\u00e4rd till en av mina katter som du m\u00e5ste uppfylla under avtalets tid.<\/p>\n\n\n\n<ul class=\"wp-block-list\">\n<li>Inga andra fertila katter i hemmet.<\/li>\n\n\n\n<li>Katten f\u00e5r inte g\u00e5 l\u00f6s utomhus (sele\/koppel g\u00e5r bra).<\/li>\n\n\n\n<li>Du ska sj\u00e4lv kunna transportera katten till och fr\u00e5n veterin\u00e4ren.<\/li>\n<\/ul>\n\n\n\n<p><em>OBS! Om du som foderv\u00e4rd bryter mot n\u00e5got vi avtalat har jag som uppf\u00f6dare och \u00e4gare r\u00e4tt att snarast ta tillbaka katten utan dr\u00f6jsm\u00e5l<\/em>.<\/p>\n\n\n\n<h3 class=\"wp-block-heading\">Om du inte bor kring Stockholm eller i Borl\u00e4nge:<\/h3>\n\n\n\n<p>F\u00f6r att underl\u00e4tta foderv\u00e4rdsskapet ser jag g\u00e4rna att du ska bo p\u00e5 ett reseavst\u00e5nd med bil som inte \u00e4r l\u00e4ngre bort \u00e4n 1h 30 min fr\u00e5n Stockholms innerstad.<br>Om du bor l\u00e4ngre bort eller i en kommun som <strong>inte anges nedan g\u00e5r bra<\/strong>, men d\u00e5 <em>enligt \u00f6verenskommelse<\/em>.<\/p>\n\n\n\n<ul class=\"wp-block-list\">\n<li>Avesta kommun<\/li>\n\n\n\n<li>Borl\u00e4nge kommun<\/li>\n\n\n\n<li>Enk\u00f6ping kommun<\/li>\n\n\n\n<li>Falu kommun<\/li>\n\n\n\n<li>G\u00e4vle kommun<\/li>\n\n\n\n<li>Hedemora kommun<\/li>\n\n\n\n<li>Sala kommun<\/li>\n\n\n\n<li>S\u00e4ter kommun<\/li>\n\n\n\n<li>Uppsala kommun<\/li>\n\n\n\n<li>V\u00e4ster\u00e5s kommun<\/li>\n<\/ul>\n\n\n","protected":false},"excerpt":{"rendered":"<p>\u00c4r du intresserad av kattrasen och vill en dag \u00e4ga din egen Egyptiska mau? Har du funderat p\u00e5 hur det \u00e4r att f\u00f6da upp kattungar eller \u00e4r intresserad av allt som r\u00f6r en kattuppf\u00f6dning d\u00e4r du vill l\u00e4ra dig mer? D\u00e5 kan foderv\u00e4rdsskap vara n\u00e5gonting f\u00f6r dig! Vi letar st\u00e4ndigt efter nya personer som vill [&hellip;]<\/p>\n","protected":false},"author":2,"featured_media":0,"parent":0,"menu_order":0,"comment_status":"closed","ping_status":"closed","template":"","meta":{"saved_in_kubio":true,"footnotes":""},"class_list":["post-4328","page","type-page","status-publish","hentry"],"kubio_ai_page_context":{"short_desc":"","purpose":"general"},"_links":{"self":[{"href":"https:\/\/mjako.se\/index.php?rest_route=\/wp\/v2\/pages\/4328","targetHints":{"allow":["GET"]}}],"collection":[{"href":"https:\/\/mjako.se\/index.php?rest_route=\/wp\/v2\/pages"}],"about":[{"href":"https:\/\/mjako.se\/index.php?rest_route=\/wp\/v2\/types\/page"}],"author":[{"embeddable":true,"href":"https:\/\/mjako.se\/index.php?rest_route=\/wp\/v2\/users\/2"}],"replies":[{"embeddable":true,"href":"https:\/\/mjako.se\/index.php?rest_route=%2Fwp%2Fv2%2Fcomments&post=4328"}],"version-history":[{"count":16,"href":"https:\/\/mjako.se\/index.php?rest_route=\/wp\/v2\/pages\/4328\/revisions"}],"predecessor-version":[{"id":4724,"href":"https:\/\/mjako.se\/index.php?rest_route=\/wp\/v2\/pages\/4328\/revisions\/4724"}],"wp:attachment":[{"href":"https:\/\/mjako.se\/index.php?rest_route=%2Fwp%2Fv2%2Fmedia&parent=4328"}],"curies":[{"name":"wp","href":"https:\/\/api.w.org\/{rel}","templated":true}]}}