{"id":4353,"date":"2026-03-20T15:13:05","date_gmt":"2026-03-20T15:13:05","guid":{"rendered":"https:\/\/mjako.se\/?page_id=4353"},"modified":"2026-03-24T10:26:42","modified_gmt":"2026-03-24T10:26:42","slug":"en-kattunges-forsta-manaderna","status":"publish","type":"page","link":"https:\/\/mjako.se\/?page_id=4353","title":{"rendered":"En kattunges f\u00f6rsta m\u00e5nader"},"content":{"rendered":"<div class=\"wp-block-image is-style-rounded\">\n<figure class=\"aligncenter size-large\"><img loading=\"lazy\" decoding=\"async\" width=\"1024\" height=\"810\" src=\"https:\/\/mjako.se\/wp-content\/uploads\/2026\/03\/410640165_1379978039556831_3792753066125568973_n-1024x810.jpg\" alt=\"\" class=\"wp-image-4354\" srcset=\"https:\/\/mjako.se\/wp-content\/uploads\/2026\/03\/410640165_1379978039556831_3792753066125568973_n-1024x810.jpg 1024w, https:\/\/mjako.se\/wp-content\/uploads\/2026\/03\/410640165_1379978039556831_3792753066125568973_n-300x237.jpg 300w, https:\/\/mjako.se\/wp-content\/uploads\/2026\/03\/410640165_1379978039556831_3792753066125568973_n-768x608.jpg 768w, https:\/\/mjako.se\/wp-content\/uploads\/2026\/03\/410640165_1379978039556831_3792753066125568973_n-1536x1215.jpg 1536w, https:\/\/mjako.se\/wp-content\/uploads\/2026\/03\/410640165_1379978039556831_3792753066125568973_n-850x672.jpg 850w, https:\/\/mjako.se\/wp-content\/uploads\/2026\/03\/410640165_1379978039556831_3792753066125568973_n-600x475.jpg 600w, https:\/\/mjako.se\/wp-content\/uploads\/2026\/03\/410640165_1379978039556831_3792753066125568973_n.jpg 2048w\" sizes=\"(max-width: 1024px) 100vw, 1024px\" \/><\/figure>\n<\/div>\n\n\n<h3 class=\"wp-block-heading\">Vecka 1<\/h3>\n\n\n\n<p>Redan fr\u00e5n dag ett ska det vara tydligt att k\u00f6nsbest\u00e4mma kattungarna men f\u00f6r vissa kan det ta n\u00e5gon dag innan det syns. Kattungarna f\u00f6ds b\u00e5de blinda och d\u00f6va men de har d\u00e4remot ett j\u00e4ttebra luktsinne och \u00e4r k\u00e4nsliga f\u00f6r ber\u00f6ring. En kattunges f\u00f6delsevikt b\u00f6r ligga mellan 90-110 gram (70-140 gram beroende p\u00e5 ras).<\/p>\n\n\n\n<p>Under f\u00f6rsta veckan kommer de endast \u00e4ta och sova. De diar direkt efter f\u00f6dseln och kattungarna b\u00f6rjar \u00f6ppna \u00f6gonen i slutet av f\u00f6rsta veckan. <\/p>\n\n\n\n<p>Det \u00e4r viktigt att v\u00e4ga kattungarna dagligen runt samma tid under en tv\u00e5veckorsperiod. Detta f\u00f6r att se s\u00e5 kattungarna f\u00e5r  i sig tillr\u00e4ckligt med n\u00e4ring. En kattunge ska g\u00e5 upp i vikt runt 10-15 gram\/dag, eller 50-100 gram\/vecka.<\/p>\n\n\n\n<h3 class=\"wp-block-heading\">Vecka 2-3: <\/h3>\n\n\n\n<p>Om en kattunge inte \u00f6ppnat sina \u00f6gon f\u00f6rsta veckan kommer den g\u00f6ra det nu. En kattunges \u00f6gon \u00e4r i b\u00f6rjan mycket k\u00e4nslig och \u00e4nnu inte fullt utvecklad. Kan b\u00f6rja anv\u00e4nda sin r\u00f6st lite mer och eventuellt b\u00f6rja krypa runt i boet mer.<\/p>\n\n\n\n<p>Runt vecka tre kommer h\u00f6rselg\u00e5ngarna \u00f6ppnas upp och v\u00e4rlden fylls med nya ljud f\u00f6r de sm\u00e5. \u00c4ven mj\u00f6lkt\u00e4nderna kommer b\u00f6rja framtr\u00e4da under dessa veckor. <\/p>\n\n\n\n<h3 class=\"wp-block-heading\">Vecka 4: <\/h3>\n\n\n\n<p>Denna period kommer kattungarna interagera med sin mamma och syskon mer. Det \u00e4r ocks\u00e5 dags att f\u00f6rs\u00e4kra kattungarna!<\/p>\n\n\n\n<h3 class=\"wp-block-heading\">Vecka 4-5: <\/h3>\n\n\n\n<p>Kattungarna ska nu b\u00f6rja v\u00e4nja sig vid fast f\u00f6da samt att l\u00e4ra sig g\u00e5 p\u00e5 kattl\u00e5dan.<\/p>\n\n\n\n<h3 class=\"wp-block-heading\">Vecka 8:<\/h3>\n\n\n\n<p>Kattungarna ska f\u00e5 sin f\u00f6rsta vaccination mot kattsnuva och kattpest. Kattungarna ska vid det h\u00e4r laget vara invanda p\u00e5 fast f\u00f6da och kunna g\u00e5 p\u00e5 kattl\u00e5dan.<\/p>\n\n\n\n<h3 class=\"wp-block-heading\">Vecka 9-14:<\/h3>\n\n\n\n<p>Under den h\u00e4r perioden \u00e4r socialisering med kattungarna ytterst viktig f\u00f6r att en kattunge ska kunna utvecklastill en glad och trygg vuxenkatt. En kattunge b\u00f6rjar f\u00f6rst\u00e5 sig p\u00e5 livet som katt, sociala koder, andra djur och det viktigaste &#8211; oss m\u00e4nniskor. Beroende p\u00e5 personlighet kan kattungarna komma b\u00f6rja visa sin dominanta respektive undergivna sida. Milj\u00f6tr\u00e4ning \u00e4r ocks\u00e5 lika viktigt under dessa veckor f\u00f6r att kattungarna ska k\u00e4nna sig trygg i sig sj\u00e4lv och inte vara r\u00e4dd f\u00f6r sin omgivning.<\/p>\n\n\n\n<h3 class=\"wp-block-heading\">3 -4 m\u00e5nader:<\/h3>\n\n\n\n<p>Vid 14 veckors \u00e5lder \u00e4r en kattunge oftast redo att flytta till sitt nya hem. Det \u00e4r nu kattungarna ska f\u00e5 sin andra vaccination och eventuellt andra vaccinationer om en kattunge ska flytta utomlands.<\/p>\n\n\n\n<p>Den f\u00f6rsta tiden som ny \u00e4gare av kattungen \u00e4r det bra fokusera p\u00e5 att bygga en stark relation tillsammans ihop med familjemedlemmarna f\u00f6r att undvika f\u00f6rvirring hos en kattunge. Sm\u00e5 kattungar ska inte l\u00e4mnas ensamma l\u00e4ngre stunder, d\u00e4rf\u00f6r \u00e4r det bra att ensamtr\u00e4na kattungarna sm\u00e5 stunder och ha t\u00e5lamod.<\/p>\n\n\n\n<p><\/p>\n\n\n\n<p>Mer information om en katts utveckling kan du hitta p\u00e5 <a href=\"https:\/\/www.sverak.se\/for-medlemmar\/avel-och-uppfodning\/kattungens-utveckling\/\" target=\"_blank\" rel=\"noopener\">Kattf\u00f6rbundet Sveraks hemsida<\/a>.<\/p>\n","protected":false},"excerpt":{"rendered":"<p>Vecka 1 Redan fr\u00e5n dag ett ska det vara tydligt att k\u00f6nsbest\u00e4mma kattungarna men f\u00f6r vissa kan det ta n\u00e5gon dag innan det syns. Kattungarna f\u00f6ds b\u00e5de blinda och d\u00f6va men de har d\u00e4remot ett j\u00e4ttebra luktsinne och \u00e4r k\u00e4nsliga f\u00f6r ber\u00f6ring. En kattunges f\u00f6delsevikt b\u00f6r ligga mellan 90-110 gram (70-140 gram beroende p\u00e5 ras). [&hellip;]<\/p>\n","protected":false},"author":2,"featured_media":0,"parent":0,"menu_order":0,"comment_status":"closed","ping_status":"closed","template":"","meta":{"saved_in_kubio":true,"footnotes":""},"class_list":["post-4353","page","type-page","status-publish","hentry"],"kubio_ai_page_context":{"short_desc":"","purpose":"general"},"_links":{"self":[{"href":"https:\/\/mjako.se\/index.php?rest_route=\/wp\/v2\/pages\/4353","targetHints":{"allow":["GET"]}}],"collection":[{"href":"https:\/\/mjako.se\/index.php?rest_route=\/wp\/v2\/pages"}],"about":[{"href":"https:\/\/mjako.se\/index.php?rest_route=\/wp\/v2\/types\/page"}],"author":[{"embeddable":true,"href":"https:\/\/mjako.se\/index.php?rest_route=\/wp\/v2\/users\/2"}],"replies":[{"embeddable":true,"href":"https:\/\/mjako.se\/index.php?rest_route=%2Fwp%2Fv2%2Fcomments&post=4353"}],"version-history":[{"count":5,"href":"https:\/\/mjako.se\/index.php?rest_route=\/wp\/v2\/pages\/4353\/revisions"}],"predecessor-version":[{"id":4638,"href":"https:\/\/mjako.se\/index.php?rest_route=\/wp\/v2\/pages\/4353\/revisions\/4638"}],"wp:attachment":[{"href":"https:\/\/mjako.se\/index.php?rest_route=%2Fwp%2Fv2%2Fmedia&parent=4353"}],"curies":[{"name":"wp","href":"https:\/\/api.w.org\/{rel}","templated":true}]}}