{"id":4365,"date":"2026-03-21T10:23:24","date_gmt":"2026-03-21T10:23:24","guid":{"rendered":"https:\/\/mjako.se\/?page_id=4365"},"modified":"2026-03-24T10:00:51","modified_gmt":"2026-03-24T10:00:51","slug":"kattutstallning","status":"publish","type":"page","link":"https:\/\/mjako.se\/?page_id=4365","title":{"rendered":"Kattutst\u00e4llning"},"content":{"rendered":"\n\n\n<p>Letar du efter en utst\u00e4llningskatt, meddela detta redan vid intresseanm\u00e4lan eller f\u00f6rsta kontakten med oss.<\/p>\n\n\n\n<p>\u00c4r du intresserad att b\u00f6rja st\u00e4lla ut eller bara vill testa att g\u00e5 p\u00e5 en kattutst\u00e4llning med din katt? Vi hj\u00e4lper dig g\u00e4rna med alla f\u00f6rberedelser inf\u00f6r och under utst\u00e4llningen.  <\/p>\n\n\n\n<p>Nedan finns l\u00e4nkar till SVERAKs hemsida d\u00e4r du kan l\u00e4sa mer om kattutst\u00e4llning och vad det inneb\u00e4r<\/p>\n\n\n\n<div class=\"wp-block-buttons is-content-justification-center is-layout-flex wp-container-core-buttons-is-layout-23a043ba wp-block-buttons-is-layout-flex\">\n<div class=\"wp-block-button is-style-fill\"><a class=\"wp-block-button__link has-black-color has-text-color has-background has-link-color has-text-align-center wp-element-button\" href=\"https:\/\/www.sverak.se\/for-medlemmar\/utstallning\/\" style=\"background-color:#e0ac00\" target=\"_blank\" rel=\"noopener\"><strong>SVERAK &#8211; Att st\u00e4lla ut katt<\/strong><\/a><\/div>\n\n\n\n<div class=\"wp-block-button is-style-fill\"><a class=\"wp-block-button__link has-black-color has-text-color has-background has-link-color wp-element-button\" href=\"https:\/\/www.sverak.se\/for-medlemmar\/utstallning\/kategorier-klasser-och-titlar\/\" style=\"background-color:#e0ac00\" target=\"_blank\" rel=\"noopener\"><strong>SVERAK &#8211; Kategorier och klasser<\/strong><\/a><\/div>\n\n\n\n<div class=\"wp-block-button is-style-fill\"><a class=\"wp-block-button__link has-black-color has-text-color has-background has-link-color wp-element-button\" href=\"https:\/\/www.sverak.se\/for-medlemmar\/utstallning\/titlar\/\" style=\"background-color:#e0ac00\" target=\"_blank\" rel=\"noopener\"><strong>SVERAK &#8211; Titlar<\/strong><\/a><\/div>\n\n\n\n<div class=\"wp-block-button is-style-fill\"><a class=\"wp-block-button__link has-black-color has-text-color has-background has-link-color wp-element-button\" href=\"https:\/\/www.sverak.se\/for-medlemmar\/utstallning\/utstallningskalender\/\" style=\"background-color:#e0ac00\" target=\"_blank\" rel=\"noopener\"><strong>SVERAK &#8211; Utst\u00e4llningskalender<\/strong><\/a><\/div>\n<\/div>\n\n\n\n<hr class=\"wp-block-separator has-text-color has-black-color has-alpha-channel-opacity has-black-background-color has-background is-style-wide\"\/>\n\n\n\n<h3 class=\"wp-block-heading has-text-align-center\">V\u00e5ra katters utst\u00e4llningstitlar<\/h3>\n\n\n\n<div class=\"wp-block-columns is-layout-flex wp-container-core-columns-is-layout-28f84493 wp-block-columns-is-layout-flex\">\n<div class=\"wp-block-column is-layout-flow wp-block-column-is-layout-flow\">\n<h3 class=\"wp-block-heading has-text-align-left\" style=\"font-size:25px\"><strong>GIP, JCH, KCH SE*Mjako Eeveelution Espeon JW<\/strong><\/h3>\n\n\n\n<p class=\"has-text-align-left\">2024-06-30 KCH<br>2024-09-14 JCH<br>2024-10-06 <strong>Junior Winner<\/strong><\/p>\n\n\n\n<p class=\"has-text-align-left\">2025-04-13 PR<br>2025-08-17 IP<br>2025-12-07 GIP<\/p>\n<\/div>\n\n\n\n<div class=\"wp-block-column is-layout-flow wp-block-column-is-layout-flow\">\n<h4 class=\"wp-block-heading has-text-align-left\" style=\"font-size:25px\"><strong>IC SE*Mjako Eeveelution Vaporeon<\/strong><\/h4>\n\n\n\n<p class=\"has-text-align-left\">2025-11-22 CH<br>2026-01-10 IC<\/p>\n<\/div>\n\n\n\n<div class=\"wp-block-column is-layout-flow wp-block-column-is-layout-flow\">\n<h4 class=\"wp-block-heading has-text-align-left\" style=\"font-size:25px\"><strong>GIC NO*Gooseberry Across The Universe JW<\/strong><\/h4>\n\n\n\n<p>2022-10-04 <strong>Junior Winner<\/strong><\/p>\n\n\n\n<p>2024-06-15 CH<br>2024-09-29 IC<br>2025-12-07 GIC<\/p>\n<\/div>\n<\/div>\n\n\n\n<hr class=\"wp-block-separator has-text-color has-kubio-color-6-color has-alpha-channel-opacity has-kubio-color-6-background-color has-background is-style-dots\"\/>\n\n\n\n<div class=\"wp-block-columns is-layout-flex wp-container-core-columns-is-layout-28f84493 wp-block-columns-is-layout-flex\">\n<div class=\"wp-block-column is-layout-flow wp-block-column-is-layout-flow\">\n<h3 class=\"wp-block-heading has-text-align-left\" style=\"font-size:25px\"><strong>JCH, KCH SE*Mjako Mega Evolution Mawile<\/strong><\/h3>\n\n\n\n<p class=\"has-text-align-left\">2025-08-17 KCH<br>2025-12-06 JCH<\/p>\n<\/div>\n\n\n\n<div class=\"wp-block-column is-layout-flow wp-block-column-is-layout-flow\">\n<h3 class=\"wp-block-heading has-text-align-left\" style=\"font-size:25px\"><strong>JCH, KCH SE*Mjako Mega Evolution Steelix<\/strong><\/h3>\n\n\n\n<p class=\"has-text-align-left\">2025-09-07 KCH<br>2025-11-22 JCH<\/p>\n<\/div>\n<\/div>\n\n\n\n<hr class=\"wp-block-separator has-text-color has-black-color has-alpha-channel-opacity has-black-background-color has-background is-style-wide\"\/>\n\n\n\n<h3 class=\"wp-block-heading has-text-align-center\">Kommande kattutst\u00e4llningar 2026<\/h3>\n\n\n\n\n\n<figure class=\"wp-block-table is-style-stripes\"><table class=\"has-black-color has-text-color has-link-color\"><tbody><tr><td><strong>Datum<\/strong><\/td><td><strong>Kattklubb<\/strong><\/td><td><strong>Ort<\/strong><\/td><td><strong>Katt\/er p\u00e5 utst\u00e4llningen<\/strong><\/td><\/tr><tr><td>4-5 april<\/td><td>NERK kattklubb<\/td><td>\u00d6rebro<\/td><td>Espie, Luke, Silver<\/td><\/tr><tr><td>16-17 maj<\/td><td>Stockholms kattklubb<\/td><td>Upplands-V\u00e4sby<\/td><td><\/td><\/tr><tr><td>27-28 jun<\/td><td>V\u00e4rmlands kattklubb<\/td><td>Forshaga<\/td><td><\/td><\/tr><tr><td>4-5 jul<\/td><td>Calmare kattklubb<\/td><td>Kalmar<\/td><td><\/td><\/tr><tr><td>11-12 jul<\/td><td>Uppsala kattklubb<\/td><td>Uppsala<\/td><td><\/td><\/tr><tr><td>15-16 aug<\/td><td>J\u00e4rva kattklubb<\/td><td>Bromma<\/td><td><\/td><\/tr><tr><td>5-6 sep<\/td><td>Mellansvenska kattklubben<\/td><td>Eskilstuna<\/td><td><\/td><\/tr><tr><td>26-27 sep<\/td><td>Dal\u00e4lvskatten<\/td><td>Borl\u00e4nge<\/td><td><\/td><\/tr><tr><td>10-11 okt<\/td><td>\u00d6stkatten<\/td><td>Norrk\u00f6ping<\/td><td><\/td><\/tr><tr><td>24-25 okt<\/td><td>FIFe World Show<\/td><td>Amsterdam<\/td><td>Espie, Silver<\/td><\/tr><tr><td>21-22 nov<\/td><td>Birka kattklubb<\/td><td>S\u00f6dert\u00e4lje<\/td><td><\/td><\/tr><tr><td><\/td><td><\/td><td><\/td><td><\/td><\/tr><\/tbody><\/table><\/figure>\n","protected":false},"excerpt":{"rendered":"<p>Letar du efter en utst\u00e4llningskatt, meddela detta redan vid intresseanm\u00e4lan eller f\u00f6rsta kontakten med oss. \u00c4r du intresserad att b\u00f6rja st\u00e4lla ut eller bara vill testa att g\u00e5 p\u00e5 en kattutst\u00e4llning med din katt? Vi hj\u00e4lper dig g\u00e4rna med alla f\u00f6rberedelser inf\u00f6r och under utst\u00e4llningen. Nedan finns l\u00e4nkar till SVERAKs hemsida d\u00e4r du kan l\u00e4sa [&hellip;]<\/p>\n","protected":false},"author":2,"featured_media":0,"parent":0,"menu_order":0,"comment_status":"closed","ping_status":"closed","template":"","meta":{"saved_in_kubio":true,"footnotes":""},"class_list":["post-4365","page","type-page","status-publish","hentry"],"kubio_ai_page_context":{"short_desc":"","purpose":"general"},"_links":{"self":[{"href":"https:\/\/mjako.se\/index.php?rest_route=\/wp\/v2\/pages\/4365","targetHints":{"allow":["GET"]}}],"collection":[{"href":"https:\/\/mjako.se\/index.php?rest_route=\/wp\/v2\/pages"}],"about":[{"href":"https:\/\/mjako.se\/index.php?rest_route=\/wp\/v2\/types\/page"}],"author":[{"embeddable":true,"href":"https:\/\/mjako.se\/index.php?rest_route=\/wp\/v2\/users\/2"}],"replies":[{"embeddable":true,"href":"https:\/\/mjako.se\/index.php?rest_route=%2Fwp%2Fv2%2Fcomments&post=4365"}],"version-history":[{"count":18,"href":"https:\/\/mjako.se\/index.php?rest_route=\/wp\/v2\/pages\/4365\/revisions"}],"predecessor-version":[{"id":4619,"href":"https:\/\/mjako.se\/index.php?rest_route=\/wp\/v2\/pages\/4365\/revisions\/4619"}],"wp:attachment":[{"href":"https:\/\/mjako.se\/index.php?rest_route=%2Fwp%2Fv2%2Fmedia&parent=4365"}],"curies":[{"name":"wp","href":"https:\/\/api.w.org\/{rel}","templated":true}]}}