{"id":4378,"date":"2026-03-21T11:36:27","date_gmt":"2026-03-21T11:36:27","guid":{"rendered":"https:\/\/mjako.se\/?page_id=4378"},"modified":"2026-03-24T10:07:28","modified_gmt":"2026-03-24T10:07:28","slug":"om-oss","status":"publish","type":"page","link":"https:\/\/mjako.se\/?page_id=4378","title":{"rendered":"Vem \u00e4r jag och vad \u00e4r &#8221;Mjako&#8221;"},"content":{"rendered":"\n<p>Alina heter jag och bor i J\u00e4rf\u00e4lla med mina mauer Espie, Vappis, Luke &amp; Mawie. Jag \u00e4r uppv\u00e4xt i Borl\u00e4nge och pendlar mycket mellan Stockholm och Borl\u00e4nge, d\u00e4rav finns v\u00e5r uppf\u00f6dning ocks\u00e5 stationerad d\u00e4r.<\/p>\n\n\n\n<p>Mjako \u00e4r ett eponym jag skapat av alla mina namn och anv\u00e4nt sedan 2010. <\/p>\n\n\n\n<p>Jag valde 2021 att bli uppf\u00f6dare inom rasen Egyptisk mau f\u00f6r att det \u00e4r en ovanlig ras med ett otroligt fint utseende och temprament, och vill forts\u00e4tta hj\u00e4lpa till att bevara de fina linjerna.<\/p>\n\n\n\n<p>Detta \u00e4r en hobbyverksamhet med ansvarsfullt avelsarbete och samarbete med likasinnade. <\/p>\n\n\n\n<p>F\u00f6rutom avel tycker jag om att \u00e5ka p\u00e5 kattutst\u00e4llningar runtom i Sverige och ibland utomlands d\u00e5 jag f\u00e5r l\u00e4ra mig s\u00e5 mycket om de andra kattraserna samt tr\u00e4ffa andra inom kattv\u00e4rlden. \u00c4ven om det inte \u00e4r stor konkurrens f\u00f6r certifikat deltar jag p\u00e5 kattutst\u00e4llningar f\u00f6r att rasen ska bli mer synlig och fler som k\u00e4nner till denna underbara katt.<\/p>\n\n\n\n<p>Det h\u00e4nder ibland att mitt lilla f\u00f6retag <strong><em>Mjako&#8217;s Design<\/em><\/strong> syns p\u00e5 kattutst\u00e4llningarna i form av en mindre monter. Ett f\u00f6retag som riktar in sig p\u00e5 personliga presenter i form av gravering, etsning och tryck. <\/p>\n\n\n","protected":false},"excerpt":{"rendered":"<p>Alina heter jag och bor i J\u00e4rf\u00e4lla med mina mauer Espie, Vappis, Luke &amp; Mawie. Jag \u00e4r uppv\u00e4xt i Borl\u00e4nge och pendlar mycket mellan Stockholm och Borl\u00e4nge, d\u00e4rav finns v\u00e5r uppf\u00f6dning ocks\u00e5 stationerad d\u00e4r. Mjako \u00e4r ett eponym jag skapat av alla mina namn och anv\u00e4nt sedan 2010. Jag valde 2021 att bli uppf\u00f6dare inom [&hellip;]<\/p>\n","protected":false},"author":2,"featured_media":0,"parent":0,"menu_order":0,"comment_status":"closed","ping_status":"closed","template":"","meta":{"saved_in_kubio":true,"footnotes":""},"class_list":["post-4378","page","type-page","status-publish","hentry"],"kubio_ai_page_context":{"short_desc":"","purpose":"general"},"_links":{"self":[{"href":"https:\/\/mjako.se\/index.php?rest_route=\/wp\/v2\/pages\/4378","targetHints":{"allow":["GET"]}}],"collection":[{"href":"https:\/\/mjako.se\/index.php?rest_route=\/wp\/v2\/pages"}],"about":[{"href":"https:\/\/mjako.se\/index.php?rest_route=\/wp\/v2\/types\/page"}],"author":[{"embeddable":true,"href":"https:\/\/mjako.se\/index.php?rest_route=\/wp\/v2\/users\/2"}],"replies":[{"embeddable":true,"href":"https:\/\/mjako.se\/index.php?rest_route=%2Fwp%2Fv2%2Fcomments&post=4378"}],"version-history":[{"count":5,"href":"https:\/\/mjako.se\/index.php?rest_route=\/wp\/v2\/pages\/4378\/revisions"}],"predecessor-version":[{"id":4626,"href":"https:\/\/mjako.se\/index.php?rest_route=\/wp\/v2\/pages\/4378\/revisions\/4626"}],"wp:attachment":[{"href":"https:\/\/mjako.se\/index.php?rest_route=%2Fwp%2Fv2%2Fmedia&parent=4378"}],"curies":[{"name":"wp","href":"https:\/\/api.w.org\/{rel}","templated":true}]}}