{"id":4392,"date":"2026-03-21T17:17:08","date_gmt":"2026-03-21T17:17:08","guid":{"rendered":"https:\/\/mjako.se\/?page_id=4392"},"modified":"2026-03-24T10:06:56","modified_gmt":"2026-03-24T10:06:56","slug":"vara-kastrater","status":"publish","type":"page","link":"https:\/\/mjako.se\/?page_id=4392","title":{"rendered":"V\u00e5ra kastrater"},"content":{"rendered":"\n<p class=\"has-text-align-center\" style=\"margin-top:var(--wp--preset--spacing--20);margin-bottom:var(--wp--preset--spacing--20);padding-top:var(--wp--preset--spacing--40);padding-bottom:var(--wp--preset--spacing--40)\">H\u00e4r presenteras v\u00e5ra kastrerade katter.<\/p>\n\n\n\n<div class=\"wp-block-columns is-layout-flex wp-container-core-columns-is-layout-734b3413 wp-block-columns-is-layout-flex\" style=\"margin-top:var(--wp--preset--spacing--30);margin-bottom:var(--wp--preset--spacing--30);padding-top:var(--wp--preset--spacing--20);padding-bottom:var(--wp--preset--spacing--20)\">\n<div class=\"wp-block-column is-layout-flow wp-block-column-is-layout-flow\" style=\"padding-top:0;padding-bottom:0\"><div class=\"wp-block-image\">\n<figure class=\"aligncenter size-large is-resized\"><img loading=\"lazy\" decoding=\"async\" width=\"997\" height=\"1024\" src=\"https:\/\/mjako.se\/wp-content\/uploads\/2026\/03\/espie-tessa_1-e1773431558645-997x1024.jpg\" alt=\"\" class=\"wp-image-4137\" style=\"aspect-ratio:1;object-fit:cover;width:300px\" srcset=\"https:\/\/mjako.se\/wp-content\/uploads\/2026\/03\/espie-tessa_1-e1773431558645-997x1024.jpg 997w, https:\/\/mjako.se\/wp-content\/uploads\/2026\/03\/espie-tessa_1-e1773431558645-600x616.jpg 600w, https:\/\/mjako.se\/wp-content\/uploads\/2026\/03\/espie-tessa_1-e1773431558645-292x300.jpg 292w, https:\/\/mjako.se\/wp-content\/uploads\/2026\/03\/espie-tessa_1-e1773431558645-768x788.jpg 768w, https:\/\/mjako.se\/wp-content\/uploads\/2026\/03\/espie-tessa_1-e1773431558645.jpg 1352w\" sizes=\"(max-width: 997px) 100vw, 997px\" \/><\/figure>\n<\/div><\/div>\n\n\n\n<div class=\"wp-block-column is-vertically-aligned-top is-layout-flow wp-block-column-is-layout-flow\">\n<div class=\"wp-block-columns is-layout-flex wp-container-core-columns-is-layout-28f84493 wp-block-columns-is-layout-flex\">\n<div class=\"wp-block-column is-layout-flow wp-block-column-is-layout-flow\">\n<h3 class=\"wp-block-heading\">GIP, JCH, KCH SE*Mjako Eeveelution Espeon JW<\/h3>\n<\/div>\n\n\n\n<div class=\"wp-block-column is-layout-flow wp-block-column-is-layout-flow\" style=\"flex-basis:25px\">\n<figure class=\"wp-block-image size-thumbnail is-resized\"><img loading=\"lazy\" decoding=\"async\" width=\"150\" height=\"150\" src=\"https:\/\/mjako.se\/wp-content\/uploads\/2026\/03\/Female-150x150.jpg\" alt=\"\" class=\"wp-image-4314\" style=\"object-fit:cover;width:30px;height:30px\" srcset=\"https:\/\/mjako.se\/wp-content\/uploads\/2026\/03\/Female-150x150.jpg 150w, https:\/\/mjako.se\/wp-content\/uploads\/2026\/03\/Female-100x100.jpg 100w, https:\/\/mjako.se\/wp-content\/uploads\/2026\/03\/Female.jpg 243w\" sizes=\"(max-width: 150px) 100vw, 150px\" \/><\/figure>\n<\/div>\n<\/div>\n\n\n\n<p style=\"font-size:25px\"> <em>&#8221;Espie&#8221;<\/em><br><sub>Bor hemma i J\u00e4rf\u00e4lla<\/sub><\/p>\n\n\n\n<p>Mor: GIC SE*Broqvist Tesla<br>Far: SC SE*Eternal Spring Hold my heart<\/p>\n\n\n\n<div class=\"wp-block-buttons is-layout-flex wp-block-buttons-is-layout-flex\">\n<div class=\"wp-block-button\"><a class=\"wp-block-button__link has-black-color has-text-color has-background has-link-color has-text-align-center wp-element-button\" href=\"https:\/\/findus.sverak.se\/Stambok\/Visa\/555268\" style=\"background-color:#e0ac00\" target=\"_blank\" rel=\"noopener\"><strong>Stamtavla<\/strong><\/a><\/div>\n<\/div>\n<\/div>\n<\/div>\n\n\n\n<div class=\"wp-block-columns is-layout-flex wp-container-core-columns-is-layout-b2bf0978 wp-block-columns-is-layout-flex\" style=\"margin-top:var(--wp--preset--spacing--30);margin-bottom:var(--wp--preset--spacing--30);padding-top:var(--wp--preset--spacing--30);padding-bottom:var(--wp--preset--spacing--30)\">\n<div class=\"wp-block-column is-layout-flow wp-block-column-is-layout-flow\"><div class=\"wp-block-image\">\n<figure class=\"aligncenter size-large is-resized\"><img loading=\"lazy\" decoding=\"async\" width=\"1024\" height=\"1024\" src=\"https:\/\/mjako.se\/wp-content\/uploads\/2026\/03\/20250613-64_1-1024x1024.jpg\" alt=\"\" class=\"wp-image-4398\" style=\"aspect-ratio:1;object-fit:cover;width:300px\" srcset=\"https:\/\/mjako.se\/wp-content\/uploads\/2026\/03\/20250613-64_1-1024x1024.jpg 1024w, https:\/\/mjako.se\/wp-content\/uploads\/2026\/03\/20250613-64_1-300x300.jpg 300w, https:\/\/mjako.se\/wp-content\/uploads\/2026\/03\/20250613-64_1-150x150.jpg 150w, https:\/\/mjako.se\/wp-content\/uploads\/2026\/03\/20250613-64_1-768x768.jpg 768w, https:\/\/mjako.se\/wp-content\/uploads\/2026\/03\/20250613-64_1-850x850.jpg 850w, https:\/\/mjako.se\/wp-content\/uploads\/2026\/03\/20250613-64_1-600x600.jpg 600w, https:\/\/mjako.se\/wp-content\/uploads\/2026\/03\/20250613-64_1-100x100.jpg 100w, https:\/\/mjako.se\/wp-content\/uploads\/2026\/03\/20250613-64_1.jpg 1366w\" sizes=\"(max-width: 1024px) 100vw, 1024px\" \/><\/figure>\n<\/div><\/div>\n\n\n\n<div class=\"wp-block-column is-vertically-aligned-top is-layout-flow wp-block-column-is-layout-flow\">\n<div class=\"wp-block-columns is-layout-flex wp-container-core-columns-is-layout-28f84493 wp-block-columns-is-layout-flex\">\n<div class=\"wp-block-column is-layout-flow wp-block-column-is-layout-flow\">\n<h3 class=\"wp-block-heading\">JCH, KCH SE*Mjako Mega Steelix<\/h3>\n<\/div>\n\n\n\n<div class=\"wp-block-column is-layout-flow wp-block-column-is-layout-flow\" style=\"flex-basis:25px\">\n<figure class=\"wp-block-image size-thumbnail is-resized\"><img loading=\"lazy\" decoding=\"async\" width=\"150\" height=\"150\" src=\"https:\/\/mjako.se\/wp-content\/uploads\/2026\/03\/Male-150x150.jpg\" alt=\"\" class=\"wp-image-4313\" style=\"object-fit:cover;width:30px;height:30px\" srcset=\"https:\/\/mjako.se\/wp-content\/uploads\/2026\/03\/Male-150x150.jpg 150w, https:\/\/mjako.se\/wp-content\/uploads\/2026\/03\/Male-100x100.jpg 100w, https:\/\/mjako.se\/wp-content\/uploads\/2026\/03\/Male.jpg 235w\" sizes=\"(max-width: 150px) 100vw, 150px\" \/><\/figure>\n<\/div>\n<\/div>\n\n\n\n<p style=\"font-size:25px\"><em>&#8221;Silver&#8221;<br><sub>Bor i Bromma<\/sub><\/em><\/p>\n\n\n\n<p>Mor: IC SE*Mjako Eeveelution Vaporeon<br>Far: GIC NO*Gooseberry Across The Universe JW<\/p>\n\n\n\n<div class=\"wp-block-buttons is-layout-flex wp-block-buttons-is-layout-flex\">\n<div class=\"wp-block-button\"><a class=\"wp-block-button__link has-black-color has-text-color has-background has-link-color has-text-align-center wp-element-button\" href=\"https:\/\/findus.sverak.se\/Stambok\/Visa\/576201\" style=\"background-color:#e0ac00\" target=\"_blank\" rel=\"noopener\"><strong>Stamtavla<\/strong><\/a><\/div>\n<\/div>\n<\/div>\n<\/div>\n\n\n\n<div class=\"wp-block-columns is-layout-flex wp-container-core-columns-is-layout-b2bf0978 wp-block-columns-is-layout-flex\" style=\"margin-top:var(--wp--preset--spacing--30);margin-bottom:var(--wp--preset--spacing--30);padding-top:var(--wp--preset--spacing--30);padding-bottom:var(--wp--preset--spacing--30)\">\n<div class=\"wp-block-column is-layout-flow wp-block-column-is-layout-flow\"><div class=\"wp-block-image\">\n<figure class=\"aligncenter size-large is-resized\"><img loading=\"lazy\" decoding=\"async\" width=\"1024\" height=\"1024\" src=\"https:\/\/mjako.se\/wp-content\/uploads\/2026\/03\/20250613-17_1jpg-1024x1024.jpg\" alt=\"\" class=\"wp-image-4412\" style=\"aspect-ratio:1;object-fit:cover;width:300px\" srcset=\"https:\/\/mjako.se\/wp-content\/uploads\/2026\/03\/20250613-17_1jpg-1024x1024.jpg 1024w, https:\/\/mjako.se\/wp-content\/uploads\/2026\/03\/20250613-17_1jpg-300x300.jpg 300w, https:\/\/mjako.se\/wp-content\/uploads\/2026\/03\/20250613-17_1jpg-150x150.jpg 150w, https:\/\/mjako.se\/wp-content\/uploads\/2026\/03\/20250613-17_1jpg-768x768.jpg 768w, https:\/\/mjako.se\/wp-content\/uploads\/2026\/03\/20250613-17_1jpg-850x850.jpg 850w, https:\/\/mjako.se\/wp-content\/uploads\/2026\/03\/20250613-17_1jpg-600x600.jpg 600w, https:\/\/mjako.se\/wp-content\/uploads\/2026\/03\/20250613-17_1jpg-100x100.jpg 100w, https:\/\/mjako.se\/wp-content\/uploads\/2026\/03\/20250613-17_1jpg.jpg 1154w\" sizes=\"(max-width: 1024px) 100vw, 1024px\" \/><\/figure>\n<\/div><\/div>\n\n\n\n<div class=\"wp-block-column is-vertically-aligned-top is-layout-flow wp-block-column-is-layout-flow\">\n<div class=\"wp-block-columns is-layout-flex wp-container-core-columns-is-layout-28f84493 wp-block-columns-is-layout-flex\">\n<div class=\"wp-block-column is-layout-flow wp-block-column-is-layout-flow\">\n<h3 class=\"wp-block-heading\">SE*Mjako Mega Evolution Lucario<\/h3>\n<\/div>\n\n\n\n<div class=\"wp-block-column is-layout-flow wp-block-column-is-layout-flow\" style=\"flex-basis:25px\">\n<figure class=\"wp-block-image size-thumbnail is-resized\"><img loading=\"lazy\" decoding=\"async\" width=\"150\" height=\"150\" src=\"https:\/\/mjako.se\/wp-content\/uploads\/2026\/03\/Male-150x150.jpg\" alt=\"\" class=\"wp-image-4313\" style=\"object-fit:cover;width:30px;height:30px\" srcset=\"https:\/\/mjako.se\/wp-content\/uploads\/2026\/03\/Male-150x150.jpg 150w, https:\/\/mjako.se\/wp-content\/uploads\/2026\/03\/Male-100x100.jpg 100w, https:\/\/mjako.se\/wp-content\/uploads\/2026\/03\/Male.jpg 235w\" sizes=\"(max-width: 150px) 100vw, 150px\" \/><\/figure>\n<\/div>\n<\/div>\n\n\n\n<p style=\"font-size:25px\"><em>&#8221;Sly&#8221;<br><sub>Bor p\u00e5 Ingar\u00f6<\/sub><\/em><\/p>\n\n\n\n<p>Mor: IC SE*Mjako Eeveelution Vaporeon<br>Far: GIC NO*Gooseberry Across The Universe JW<\/p>\n\n\n\n<div class=\"wp-block-buttons is-layout-flex wp-block-buttons-is-layout-flex\">\n<div class=\"wp-block-button\"><a class=\"wp-block-button__link has-black-color has-text-color has-background has-link-color has-text-align-center wp-element-button\" href=\"https:\/\/findus.sverak.se\/Stambok\/Visa\/576200\" style=\"background-color:#e0ac00\" target=\"_blank\" rel=\"noopener\"><strong>Stamtavla<\/strong><\/a><\/div>\n<\/div>\n<\/div>\n<\/div>\n\n\n\n<div class=\"wp-block-columns is-layout-flex wp-container-core-columns-is-layout-b2bf0978 wp-block-columns-is-layout-flex\" style=\"margin-top:var(--wp--preset--spacing--30);margin-bottom:var(--wp--preset--spacing--30);padding-top:var(--wp--preset--spacing--30);padding-bottom:var(--wp--preset--spacing--30)\">\n<div class=\"wp-block-column is-layout-flow wp-block-column-is-layout-flow\"><div class=\"wp-block-image\">\n<figure class=\"aligncenter size-full is-resized\"><img loading=\"lazy\" decoding=\"async\" width=\"869\" height=\"869\" src=\"https:\/\/mjako.se\/wp-content\/uploads\/2026\/03\/50b3b7b8-446e-402c-9f41-980657f54f85.jpg\" alt=\"\" class=\"wp-image-4613\" style=\"aspect-ratio:1;object-fit:cover;width:300px\" srcset=\"https:\/\/mjako.se\/wp-content\/uploads\/2026\/03\/50b3b7b8-446e-402c-9f41-980657f54f85.jpg 869w, https:\/\/mjako.se\/wp-content\/uploads\/2026\/03\/50b3b7b8-446e-402c-9f41-980657f54f85-300x300.jpg 300w, https:\/\/mjako.se\/wp-content\/uploads\/2026\/03\/50b3b7b8-446e-402c-9f41-980657f54f85-150x150.jpg 150w, https:\/\/mjako.se\/wp-content\/uploads\/2026\/03\/50b3b7b8-446e-402c-9f41-980657f54f85-768x768.jpg 768w, https:\/\/mjako.se\/wp-content\/uploads\/2026\/03\/50b3b7b8-446e-402c-9f41-980657f54f85-600x600.jpg 600w, https:\/\/mjako.se\/wp-content\/uploads\/2026\/03\/50b3b7b8-446e-402c-9f41-980657f54f85-100x100.jpg 100w\" sizes=\"(max-width: 869px) 100vw, 869px\" \/><\/figure>\n<\/div><\/div>\n\n\n\n<div class=\"wp-block-column is-vertically-aligned-top is-layout-flow wp-block-column-is-layout-flow\">\n<div class=\"wp-block-columns is-layout-flex wp-container-core-columns-is-layout-28f84493 wp-block-columns-is-layout-flex\">\n<div class=\"wp-block-column is-layout-flow wp-block-column-is-layout-flow\">\n<h3 class=\"wp-block-heading\">SE*Mjako Eeveelution Flareon<\/h3>\n<\/div>\n\n\n\n<div class=\"wp-block-column is-layout-flow wp-block-column-is-layout-flow\" style=\"flex-basis:25px\">\n<figure class=\"wp-block-image size-thumbnail is-resized\"><img loading=\"lazy\" decoding=\"async\" width=\"150\" height=\"150\" src=\"https:\/\/mjako.se\/wp-content\/uploads\/2026\/03\/Male-150x150.jpg\" alt=\"\" class=\"wp-image-4313\" style=\"object-fit:cover;width:30px;height:30px\" srcset=\"https:\/\/mjako.se\/wp-content\/uploads\/2026\/03\/Male-150x150.jpg 150w, https:\/\/mjako.se\/wp-content\/uploads\/2026\/03\/Male-100x100.jpg 100w, https:\/\/mjako.se\/wp-content\/uploads\/2026\/03\/Male.jpg 235w\" sizes=\"(max-width: 150px) 100vw, 150px\" \/><\/figure>\n<\/div>\n<\/div>\n\n\n\n<p style=\"font-size:25px\"><em>&#8221;Spiidi&#8221;<br><sub>Bor i G\u00f6teborg<\/sub><\/em><\/p>\n\n\n\n<p>Mor: IC SE*Mjako Eeveelution Vaporeon<br>Far: GIC NO*Gooseberry Across The Universe JW<\/p>\n\n\n\n<div class=\"wp-block-buttons is-layout-flex wp-block-buttons-is-layout-flex\">\n<div class=\"wp-block-button\"><a class=\"wp-block-button__link has-black-color has-text-color has-background has-link-color has-text-align-center wp-element-button\" href=\"https:\/\/findus.sverak.se\/Stambok\/Visa\/555267\" style=\"background-color:#e0ac00\" target=\"_blank\" rel=\"noopener\"><strong>Stamtavla<\/strong><\/a><\/div>\n<\/div>\n<\/div>\n<\/div>\n","protected":false},"excerpt":{"rendered":"<p>H\u00e4r presenteras v\u00e5ra kastrerade katter. GIP, JCH, KCH SE*Mjako Eeveelution Espeon JW &#8221;Espie&#8221;Bor hemma i J\u00e4rf\u00e4lla Mor: GIC SE*Broqvist TeslaFar: SC SE*Eternal Spring Hold my heart JCH, KCH SE*Mjako Mega Steelix &#8221;Silver&#8221;Bor i Bromma Mor: IC SE*Mjako Eeveelution VaporeonFar: GIC NO*Gooseberry Across The Universe JW SE*Mjako Mega Evolution Lucario &#8221;Sly&#8221;Bor p\u00e5 Ingar\u00f6 Mor: IC SE*Mjako [&hellip;]<\/p>\n","protected":false},"author":2,"featured_media":0,"parent":0,"menu_order":0,"comment_status":"closed","ping_status":"closed","template":"full-width","meta":{"saved_in_kubio":true,"footnotes":""},"class_list":["post-4392","page","type-page","status-publish","hentry"],"kubio_ai_page_context":{"short_desc":"","purpose":"general"},"_links":{"self":[{"href":"https:\/\/mjako.se\/index.php?rest_route=\/wp\/v2\/pages\/4392","targetHints":{"allow":["GET"]}}],"collection":[{"href":"https:\/\/mjako.se\/index.php?rest_route=\/wp\/v2\/pages"}],"about":[{"href":"https:\/\/mjako.se\/index.php?rest_route=\/wp\/v2\/types\/page"}],"author":[{"embeddable":true,"href":"https:\/\/mjako.se\/index.php?rest_route=\/wp\/v2\/users\/2"}],"replies":[{"embeddable":true,"href":"https:\/\/mjako.se\/index.php?rest_route=%2Fwp%2Fv2%2Fcomments&post=4392"}],"version-history":[{"count":12,"href":"https:\/\/mjako.se\/index.php?rest_route=\/wp\/v2\/pages\/4392\/revisions"}],"predecessor-version":[{"id":4624,"href":"https:\/\/mjako.se\/index.php?rest_route=\/wp\/v2\/pages\/4392\/revisions\/4624"}],"wp:attachment":[{"href":"https:\/\/mjako.se\/index.php?rest_route=%2Fwp%2Fv2%2Fmedia&parent=4392"}],"curies":[{"name":"wp","href":"https:\/\/api.w.org\/{rel}","templated":true}]}}